{"id":4422,"date":"2025-07-30T18:45:18","date_gmt":"2025-07-30T16:45:18","guid":{"rendered":"https:\/\/www.antrobotics.de\/?post_type=product&#038;p=4422"},"modified":"2025-08-29T10:02:26","modified_gmt":"2025-08-29T08:02:26","slug":"adir-power","status":"publish","type":"product","link":"https:\/\/www.antrobotics.de\/?product=adir-power","title":{"rendered":"ADIR POWER &#8211; Mobile Roboter Plattform"},"content":{"rendered":"<div title=\"Page 1\">\n<div>\n<div>\n<p>INTRODUCING VALERA, THE FULLY AUTONOMOUS TRANSPORT ROBOT FOR THE HARVEST<\/p>\n<\/div>\n<\/div>\n<\/div>\n<div title=\"Page 2\">\n<div>\n<div>\n<p>VALERA supports autonomous transport in flat fields and along plant rows by. For many years, farms in this area have had difficulty finding enough labor, especially seasonal labor, for these activities. Autonomous transport increases productivity in harvesting by 30-40%, giving farms a way to address labor shortages.<\/p>\n<p>VALERA represents a low entry barrier for farms to the topic of field robotics. No infrastructure needs to be built, existing processes can remain in place, and personnel can be quickly trained in its operation. The robot is simply integrated into the existing harvesting process and increases productivity from the first minute.<\/p>\n<p>VALERA operates completely independently of any external infrastructure requirements or data sources. The two electric drive wheels are driven independently by means of anti-slip control and electronic differential function, resulting in high maneuverability and an extremely short turning radius. The built-in solar power system ensures continuous operation throughout the entire season without further recharging.<\/p>\n<p>VALERA generates a navigation path at start-up and adapts accordingly during operation to follow the pickers and stop at the end of the row to unload the collected crop. Via the advanced optical sensors for visual navigation, the robot operates fully independently and with a high level of pre- cision to ensure minimal over-rolling and damage to the crop.<\/p>\n<\/div>\n<\/div>\n<\/div>\n","protected":false},"excerpt":{"rendered":"<p>Zuverl\u00e4ssiges mobiles Robotersystem f\u00fcr industrielle Umgebungen &#8211; flexibel, robust und wirtschaftlich. Die Plattform kann nach Ihren Bed\u00fcrfnissen konfiguriert und erweitert werden.<\/p>\n","protected":false},"featured_media":5028,"template":"","meta":{"_monsterinsights_skip_tracking":false,"_monsterinsights_sitenote_active":false,"_monsterinsights_sitenote_note":"","_monsterinsights_sitenote_category":0,"site-sidebar-layout":"default","site-content-layout":"","ast-site-content-layout":"default","site-content-style":"default","site-sidebar-style":"default","ast-global-header-display":"","ast-banner-title-visibility":"","ast-main-header-display":"","ast-hfb-above-header-display":"","ast-hfb-below-header-display":"","ast-hfb-mobile-header-display":"","site-post-title":"","ast-breadcrumbs-content":"","ast-featured-img":"","footer-sml-layout":"","theme-transparent-header-meta":"default","adv-header-id-meta":"","stick-header-meta":"","header-above-stick-meta":"","header-main-stick-meta":"","header-below-stick-meta":"","astra-migrate-meta-layouts":"set","ast-page-background-enabled":"default","ast-page-background-meta":{"desktop":{"background-color":"var(--ast-global-color-4)","background-image":"","background-repeat":"repeat","background-position":"center center","background-size":"auto","background-attachment":"scroll","background-type":"","background-media":"","overlay-type":"","overlay-color":"","overlay-opacity":"","overlay-gradient":""},"tablet":{"background-color":"","background-image":"","background-repeat":"repeat","background-position":"center center","background-size":"auto","background-attachment":"scroll","background-type":"","background-media":"","overlay-type":"","overlay-color":"","overlay-opacity":"","overlay-gradient":""},"mobile":{"background-color":"","background-image":"","background-repeat":"repeat","background-position":"center center","background-size":"auto","background-attachment":"scroll","background-type":"","background-media":"","overlay-type":"","overlay-color":"","overlay-opacity":"","overlay-gradient":""}},"ast-content-background-meta":{"desktop":{"background-color":"var(--ast-global-color-5)","background-image":"","background-repeat":"repeat","background-position":"center center","background-size":"auto","background-attachment":"scroll","background-type":"","background-media":"","overlay-type":"","overlay-color":"","overlay-opacity":"","overlay-gradient":""},"tablet":{"background-color":"var(--ast-global-color-5)","background-image":"","background-repeat":"repeat","background-position":"center center","background-size":"auto","background-attachment":"scroll","background-type":"","background-media":"","overlay-type":"","overlay-color":"","overlay-opacity":"","overlay-gradient":""},"mobile":{"background-color":"var(--ast-global-color-5)","background-image":"","background-repeat":"repeat","background-position":"center center","background-size":"auto","background-attachment":"scroll","background-type":"","background-media":"","overlay-type":"","overlay-color":"","overlay-opacity":"","overlay-gradient":""}}},"product_brand":[],"product_cat":[137,91,87],"product_tag":[105],"class_list":{"0":"post-4422","1":"product","2":"type-product","3":"status-publish","4":"has-post-thumbnail","6":"product_cat-produkte","7":"product_cat-felder-tunnel-reihenkulturen","8":"product_cat-weinanbau-weinernte","9":"product_tag-adir-power","10":"desktop-align-left","11":"tablet-align-left","12":"mobile-align-left","14":"first","15":"instock","16":"virtual","17":"product-type-simple"},"yoast_head":"<!-- This site is optimized with the Yoast SEO plugin v25.8 - https:\/\/yoast.com\/wordpress\/plugins\/seo\/ -->\n<title>ADIR POWER - Mobile Roboter Plattform -<\/title>\n<meta name=\"robots\" content=\"index, follow, max-snippet:-1, max-image-preview:large, max-video-preview:-1\" \/>\n<link rel=\"canonical\" href=\"https:\/\/www.antrobotics.de\/?product=adir-power\" \/>\n<meta property=\"og:locale\" content=\"de_DE\" \/>\n<meta property=\"og:type\" content=\"article\" \/>\n<meta property=\"og:title\" content=\"ADIR POWER - Mobile Roboter Plattform -\" \/>\n<meta property=\"og:description\" content=\"Zuverl\u00e4ssiges mobiles Robotersystem f\u00fcr industrielle Umgebungen - flexibel, robust und wirtschaftlich. Die Plattform kann nach Ihren Bed\u00fcrfnissen konfiguriert und erweitert werden.\" \/>\n<meta property=\"og:url\" content=\"https:\/\/www.antrobotics.de\/?product=adir-power\" \/>\n<meta property=\"article:modified_time\" content=\"2025-08-29T08:02:26+00:00\" \/>\n<meta property=\"og:image\" content=\"https:\/\/www.antrobotics.de\/wp-content\/uploads\/2025\/07\/ADIR-POWER-PDP_Produktbilder_940x788_02.png\" \/>\n\t<meta property=\"og:image:width\" content=\"940\" \/>\n\t<meta property=\"og:image:height\" content=\"788\" \/>\n\t<meta property=\"og:image:type\" content=\"image\/png\" \/>\n<meta name=\"twitter:card\" content=\"summary_large_image\" \/>\n<meta name=\"twitter:label1\" content=\"Gesch\u00e4tzte Lesezeit\" \/>\n\t<meta name=\"twitter:data1\" content=\"2\u00a0Minuten\" \/>\n<script type=\"application\/ld+json\" class=\"yoast-schema-graph\">{\"@context\":\"https:\/\/schema.org\",\"@graph\":[{\"@type\":\"WebPage\",\"@id\":\"https:\/\/www.antrobotics.de\/?product=adir-power\",\"url\":\"https:\/\/www.antrobotics.de\/?product=adir-power\",\"name\":\"ADIR POWER - Mobile Roboter Plattform -\",\"isPartOf\":{\"@id\":\"https:\/\/www.antrobotics.de\/#website\"},\"primaryImageOfPage\":{\"@id\":\"https:\/\/www.antrobotics.de\/?product=adir-power#primaryimage\"},\"image\":{\"@id\":\"https:\/\/www.antrobotics.de\/?product=adir-power#primaryimage\"},\"thumbnailUrl\":\"https:\/\/www.antrobotics.de\/wp-content\/uploads\/2025\/07\/ADIR-POWER-PDP_Produktbilder_940x788_02.png\",\"datePublished\":\"2025-07-30T16:45:18+00:00\",\"dateModified\":\"2025-08-29T08:02:26+00:00\",\"breadcrumb\":{\"@id\":\"https:\/\/www.antrobotics.de\/?product=adir-power#breadcrumb\"},\"inLanguage\":\"de\",\"potentialAction\":[{\"@type\":\"ReadAction\",\"target\":[\"https:\/\/www.antrobotics.de\/?product=adir-power\"]}]},{\"@type\":\"ImageObject\",\"inLanguage\":\"de\",\"@id\":\"https:\/\/www.antrobotics.de\/?product=adir-power#primaryimage\",\"url\":\"https:\/\/www.antrobotics.de\/wp-content\/uploads\/2025\/07\/ADIR-POWER-PDP_Produktbilder_940x788_02.png\",\"contentUrl\":\"https:\/\/www.antrobotics.de\/wp-content\/uploads\/2025\/07\/ADIR-POWER-PDP_Produktbilder_940x788_02.png\",\"width\":940,\"height\":788},{\"@type\":\"BreadcrumbList\",\"@id\":\"https:\/\/www.antrobotics.de\/?product=adir-power#breadcrumb\",\"itemListElement\":[{\"@type\":\"ListItem\",\"position\":1,\"name\":\"Home\",\"item\":\"https:\/\/www.antrobotics.de\/\"},{\"@type\":\"ListItem\",\"position\":2,\"name\":\"Produkte\",\"item\":\"https:\/\/www.antrobotics.de\/?post_type=product\"},{\"@type\":\"ListItem\",\"position\":3,\"name\":\"ADIR POWER &#8211; Mobile Roboter Plattform\"}]},{\"@type\":\"WebSite\",\"@id\":\"https:\/\/www.antrobotics.de\/#website\",\"url\":\"https:\/\/www.antrobotics.de\/\",\"name\":\"\",\"description\":\"https:\/\/www.antrobotics.de\/\",\"potentialAction\":[{\"@type\":\"SearchAction\",\"target\":{\"@type\":\"EntryPoint\",\"urlTemplate\":\"https:\/\/www.antrobotics.de\/?s={search_term_string}\"},\"query-input\":{\"@type\":\"PropertyValueSpecification\",\"valueRequired\":true,\"valueName\":\"search_term_string\"}}],\"inLanguage\":\"de\"}]}<\/script>\n<!-- \/ Yoast SEO plugin. -->","yoast_head_json":{"title":"ADIR POWER - Mobile Roboter Plattform -","robots":{"index":"index","follow":"follow","max-snippet":"max-snippet:-1","max-image-preview":"max-image-preview:large","max-video-preview":"max-video-preview:-1"},"canonical":"https:\/\/www.antrobotics.de\/?product=adir-power","og_locale":"de_DE","og_type":"article","og_title":"ADIR POWER - Mobile Roboter Plattform -","og_description":"Zuverl\u00e4ssiges mobiles Robotersystem f\u00fcr industrielle Umgebungen - flexibel, robust und wirtschaftlich. Die Plattform kann nach Ihren Bed\u00fcrfnissen konfiguriert und erweitert werden.","og_url":"https:\/\/www.antrobotics.de\/?product=adir-power","article_modified_time":"2025-08-29T08:02:26+00:00","og_image":[{"width":940,"height":788,"url":"https:\/\/www.antrobotics.de\/wp-content\/uploads\/2025\/07\/ADIR-POWER-PDP_Produktbilder_940x788_02.png","type":"image\/png"}],"twitter_card":"summary_large_image","twitter_misc":{"Gesch\u00e4tzte Lesezeit":"2\u00a0Minuten"},"schema":{"@context":"https:\/\/schema.org","@graph":[{"@type":"WebPage","@id":"https:\/\/www.antrobotics.de\/?product=adir-power","url":"https:\/\/www.antrobotics.de\/?product=adir-power","name":"ADIR POWER - Mobile Roboter Plattform -","isPartOf":{"@id":"https:\/\/www.antrobotics.de\/#website"},"primaryImageOfPage":{"@id":"https:\/\/www.antrobotics.de\/?product=adir-power#primaryimage"},"image":{"@id":"https:\/\/www.antrobotics.de\/?product=adir-power#primaryimage"},"thumbnailUrl":"https:\/\/www.antrobotics.de\/wp-content\/uploads\/2025\/07\/ADIR-POWER-PDP_Produktbilder_940x788_02.png","datePublished":"2025-07-30T16:45:18+00:00","dateModified":"2025-08-29T08:02:26+00:00","breadcrumb":{"@id":"https:\/\/www.antrobotics.de\/?product=adir-power#breadcrumb"},"inLanguage":"de","potentialAction":[{"@type":"ReadAction","target":["https:\/\/www.antrobotics.de\/?product=adir-power"]}]},{"@type":"ImageObject","inLanguage":"de","@id":"https:\/\/www.antrobotics.de\/?product=adir-power#primaryimage","url":"https:\/\/www.antrobotics.de\/wp-content\/uploads\/2025\/07\/ADIR-POWER-PDP_Produktbilder_940x788_02.png","contentUrl":"https:\/\/www.antrobotics.de\/wp-content\/uploads\/2025\/07\/ADIR-POWER-PDP_Produktbilder_940x788_02.png","width":940,"height":788},{"@type":"BreadcrumbList","@id":"https:\/\/www.antrobotics.de\/?product=adir-power#breadcrumb","itemListElement":[{"@type":"ListItem","position":1,"name":"Home","item":"https:\/\/www.antrobotics.de\/"},{"@type":"ListItem","position":2,"name":"Produkte","item":"https:\/\/www.antrobotics.de\/?post_type=product"},{"@type":"ListItem","position":3,"name":"ADIR POWER &#8211; Mobile Roboter Plattform"}]},{"@type":"WebSite","@id":"https:\/\/www.antrobotics.de\/#website","url":"https:\/\/www.antrobotics.de\/","name":"","description":"https:\/\/www.antrobotics.de\/","potentialAction":[{"@type":"SearchAction","target":{"@type":"EntryPoint","urlTemplate":"https:\/\/www.antrobotics.de\/?s={search_term_string}"},"query-input":{"@type":"PropertyValueSpecification","valueRequired":true,"valueName":"search_term_string"}}],"inLanguage":"de"}]}},"jetpack_sharing_enabled":true,"_links":{"self":[{"href":"https:\/\/www.antrobotics.de\/index.php?rest_route=\/wp\/v2\/product\/4422","targetHints":{"allow":["GET"]}}],"collection":[{"href":"https:\/\/www.antrobotics.de\/index.php?rest_route=\/wp\/v2\/product"}],"about":[{"href":"https:\/\/www.antrobotics.de\/index.php?rest_route=\/wp\/v2\/types\/product"}],"version-history":[{"count":3,"href":"https:\/\/www.antrobotics.de\/index.php?rest_route=\/wp\/v2\/product\/4422\/revisions"}],"predecessor-version":[{"id":4463,"href":"https:\/\/www.antrobotics.de\/index.php?rest_route=\/wp\/v2\/product\/4422\/revisions\/4463"}],"wp:featuredmedia":[{"embeddable":true,"href":"https:\/\/www.antrobotics.de\/index.php?rest_route=\/wp\/v2\/media\/5028"}],"wp:attachment":[{"href":"https:\/\/www.antrobotics.de\/index.php?rest_route=%2Fwp%2Fv2%2Fmedia&parent=4422"}],"wp:term":[{"taxonomy":"product_brand","embeddable":true,"href":"https:\/\/www.antrobotics.de\/index.php?rest_route=%2Fwp%2Fv2%2Fproduct_brand&post=4422"},{"taxonomy":"product_cat","embeddable":true,"href":"https:\/\/www.antrobotics.de\/index.php?rest_route=%2Fwp%2Fv2%2Fproduct_cat&post=4422"},{"taxonomy":"product_tag","embeddable":true,"href":"https:\/\/www.antrobotics.de\/index.php?rest_route=%2Fwp%2Fv2%2Fproduct_tag&post=4422"}],"curies":[{"name":"wp","href":"https:\/\/api.w.org\/{rel}","templated":true}]}}