{"id":5069,"date":"2025-08-23T15:41:38","date_gmt":"2025-08-23T13:41:38","guid":{"rendered":"https:\/\/www.antrobotics.de\/antrobotics-stag?page_id=5069"},"modified":"2025-08-25T01:19:32","modified_gmt":"2025-08-24T23:19:32","slug":"contact","status":"publish","type":"page","link":"https:\/\/www.antrobotics.de\/?page_id=5069&lang=en","title":{"rendered":"CONTACT Callback"},"content":{"rendered":"\t\t<div data-elementor-type=\"wp-page\" data-elementor-id=\"5069\" class=\"elementor elementor-5069 elementor-5068\" data-elementor-post-type=\"page\">\n\t\t\t\t\t\t<section class=\"has_eae_slider elementor-section elementor-top-section elementor-element elementor-element-9b3b52e elementor-section-height-min-height elementor-section-boxed elementor-section-height-default elementor-section-items-middle\" data-eae-slider=\"74726\" data-id=\"9b3b52e\" data-element_type=\"section\" data-settings=\"{&quot;background_background&quot;:&quot;classic&quot;}\">\n\t\t\t\t\t\t\t<div class=\"elementor-background-overlay\"><\/div>\n\t\t\t\t\t\t\t<div class=\"elementor-container elementor-column-gap-no\">\n\t\t\t\t\t<div class=\"has_eae_slider elementor-column elementor-col-100 elementor-top-column elementor-element elementor-element-2c7a349\" data-eae-slider=\"10072\" data-id=\"2c7a349\" data-element_type=\"column\">\n\t\t\t<div class=\"elementor-widget-wrap elementor-element-populated\">\n\t\t\t\t\t\t<div class=\"elementor-element elementor-element-cdef26f elementor-widget elementor-widget-heading\" data-id=\"cdef26f\" data-element_type=\"widget\" data-widget_type=\"heading.default\">\n\t\t\t\t<div class=\"elementor-widget-container\">\n\t\t\t\t\t<h2 class=\"elementor-heading-title elementor-size-default\">Contact<\/h2>\t\t\t\t<\/div>\n\t\t\t\t<\/div>\n\t\t\t\t\t<\/div>\n\t\t<\/div>\n\t\t\t\t\t<\/div>\n\t\t<\/section>\n\t\t\t\t<section class=\"has_eae_slider elementor-section elementor-top-section elementor-element elementor-element-16f3e7c elementor-section-boxed elementor-section-height-default elementor-section-height-default\" data-eae-slider=\"68427\" data-id=\"16f3e7c\" data-element_type=\"section\">\n\t\t\t\t\t\t<div class=\"elementor-container elementor-column-gap-default\">\n\t\t\t\t\t<div class=\"has_eae_slider elementor-column elementor-col-100 elementor-top-column elementor-element elementor-element-90bed44\" data-eae-slider=\"84097\" data-id=\"90bed44\" data-element_type=\"column\">\n\t\t\t<div class=\"elementor-widget-wrap elementor-element-populated\">\n\t\t\t\t\t\t<div class=\"elementor-element elementor-element-993c8dc elementor-widget elementor-widget-heading\" data-id=\"993c8dc\" data-element_type=\"widget\" data-widget_type=\"heading.default\">\n\t\t\t\t<div class=\"elementor-widget-container\">\n\t\t\t\t\t<h2 class=\"elementor-heading-title elementor-size-default\">Callback contact form<\/h2>\t\t\t\t<\/div>\n\t\t\t\t<\/div>\n\t\t\t\t<div class=\"elementor-element elementor-element-1bf1b55 elementor-widget elementor-widget-text-editor\" data-id=\"1bf1b55\" data-element_type=\"widget\" data-widget_type=\"text-editor.default\">\n\t\t\t\t<div class=\"elementor-widget-container\">\n\t\t\t\t\t\t\t\t\t<p>We will be happy to call you back. Please fill out the form and we will get back to you as soon as possible. <\/p>\t\t\t\t\t\t\t\t<\/div>\n\t\t\t\t<\/div>\n\t\t\t\t\t<\/div>\n\t\t<\/div>\n\t\t\t\t\t<\/div>\n\t\t<\/section>\n\t\t\t\t<section class=\"has_eae_slider elementor-section elementor-top-section elementor-element elementor-element-875bf01 elementor-section-boxed elementor-section-height-default elementor-section-height-default\" data-eae-slider=\"3208\" data-id=\"875bf01\" data-element_type=\"section\">\n\t\t\t\t\t\t<div class=\"elementor-container elementor-column-gap-default\">\n\t\t\t\t\t<div class=\"has_eae_slider elementor-column elementor-col-100 elementor-top-column elementor-element elementor-element-d394d7e\" data-eae-slider=\"23646\" data-id=\"d394d7e\" data-element_type=\"column\">\n\t\t\t<div class=\"elementor-widget-wrap elementor-element-populated\">\n\t\t\t\t\t\t<div class=\"elementor-element elementor-element-330ff30 elementor-widget elementor-widget-shortcode\" data-id=\"330ff30\" data-element_type=\"widget\" data-widget_type=\"shortcode.default\">\n\t\t\t\t<div class=\"elementor-widget-container\">\n\t\t\t\t\t\t\t<div class=\"elementor-shortcode\"><style id=\"wpforms-css-vars-5077\">\n\t\t\t\t#wpforms-5077 {\n\t\t\t\t\n\t\t\t}\n\t\t\t<\/style><div class=\"wpforms-container wpforms-container-full wpforms-render-modern\" id=\"wpforms-5077\"><form id=\"wpforms-form-5077\" class=\"wpforms-validate wpforms-form wpforms-ajax-form\" data-formid=\"5077\" method=\"post\" enctype=\"multipart\/form-data\" action=\"\/index.php?rest_route=%2Fwp%2Fv2%2Fpages%2F5069\" data-token=\"f5fbfee3bb4d1785f3a4d7d9830d8049\" data-token-time=\"1776880866\"><noscript class=\"wpforms-error-noscript\">Bitte aktiviere JavaScript in deinem Browser, um dieses Formular fertigzustellen.<\/noscript><div id=\"wpforms-error-noscript\" style=\"display: none;\">Bitte aktiviere JavaScript in deinem Browser, um dieses Formular fertigzustellen.<\/div><div class=\"wpforms-field-container\"><div id=\"wpforms-5077-field_1-container\" class=\"wpforms-field wpforms-field-name\" data-field-id=\"1\"><label class=\"wpforms-field-label\" for=\"wpforms-5077-field_1\">Vor- und Nachname <span class=\"wpforms-required-label\" aria-hidden=\"true\">*<\/span><\/label><input type=\"text\" id=\"wpforms-5077-field_1\" class=\"wpforms-field-medium wpforms-field-required\" name=\"wpforms[fields][1]\" aria-errormessage=\"wpforms-5077-field_1-error\" required><\/div><div id=\"wpforms-5077-field_4-container\" class=\"wpforms-field wpforms-field-number\" data-field-id=\"4\"><label class=\"wpforms-field-label\" for=\"wpforms-5077-field_4\">Telefonnummer <span class=\"wpforms-required-label\" aria-hidden=\"true\">*<\/span><\/label><input type=\"number\" id=\"wpforms-5077-field_4\" class=\"wpforms-field-medium wpforms-field-required\" name=\"wpforms[fields][4]\" step=\"any\" aria-errormessage=\"wpforms-5077-field_4-error\" aria-describedby=\"wpforms-5077-field_4-description\" required><div id=\"wpforms-5077-field_4-description\" class=\"wpforms-field-description\">Bitte teilen Sie uns f\u00fcr internationale Telefonnummern auch den L\u00e4ndercode mit. <p>\nF\u00fcr Deutschland bspw.: +49<\/p><\/div><\/div><div id=\"wpforms-5077-field_6-container\" class=\"wpforms-field wpforms-field-checkbox\" data-field-id=\"6\"><fieldset><legend class=\"wpforms-field-label\">Tageszeit <span class=\"wpforms-required-label\" aria-hidden=\"true\">*<\/span><\/legend><ul id=\"wpforms-5077-field_6\" class=\"wpforms-field-required\"><li class=\"choice-1 depth-1\"><input type=\"checkbox\" id=\"wpforms-5077-field_6_1\" name=\"wpforms[fields][6][]\" value=\"Vormittags\" aria-errormessage=\"wpforms-5077-field_6_1-error\" aria-describedby=\"wpforms-5077-field_6-description\" required ><label class=\"wpforms-field-label-inline\" for=\"wpforms-5077-field_6_1\">Vormittags<\/label><\/li><li class=\"choice-2 depth-1\"><input type=\"checkbox\" id=\"wpforms-5077-field_6_2\" name=\"wpforms[fields][6][]\" value=\"Nachmittags\" aria-errormessage=\"wpforms-5077-field_6_2-error\" aria-describedby=\"wpforms-5077-field_6-description\" required ><label class=\"wpforms-field-label-inline\" for=\"wpforms-5077-field_6_2\">Nachmittags<\/label><\/li><li class=\"choice-3 depth-1\"><input type=\"checkbox\" id=\"wpforms-5077-field_6_3\" name=\"wpforms[fields][6][]\" value=\"Abends\" aria-errormessage=\"wpforms-5077-field_6_3-error\" aria-describedby=\"wpforms-5077-field_6-description\" required ><label class=\"wpforms-field-label-inline\" for=\"wpforms-5077-field_6_3\">Abends<\/label><\/li><\/ul><div id=\"wpforms-5077-field_6-description\" class=\"wpforms-field-description\">Zu welcher Tageszeit erreichen wir Sie am besten?<\/div><\/fieldset><\/div>\t\t<div id=\"wpforms-5077-field_2-container\"\n\t\t\tclass=\"wpforms-field wpforms-field-text\"\n\t\t\tdata-field-type=\"text\"\n\t\t\tdata-field-id=\"2\"\n\t\t\t>\n\t\t\t<label class=\"wpforms-field-label\" for=\"wpforms-5077-field_2\" >Vor- Tageszeit Nachname<\/label>\n\t\t\t<input type=\"text\" id=\"wpforms-5077-field_2\" class=\"wpforms-field-medium\" name=\"wpforms[fields][2]\" >\n\t\t<\/div>\n\t\t<div id=\"wpforms-5077-field_5-container\" class=\"wpforms-field wpforms-field-email\" data-field-id=\"5\"><label class=\"wpforms-field-label\" for=\"wpforms-5077-field_5\">E-Mail <span class=\"wpforms-required-label\" aria-hidden=\"true\">*<\/span><\/label><input type=\"email\" id=\"wpforms-5077-field_5\" class=\"wpforms-field-medium wpforms-field-required\" name=\"wpforms[fields][5]\" spellcheck=\"false\" aria-errormessage=\"wpforms-5077-field_5-error\" required><\/div><div id=\"wpforms-5077-field_8-container\" class=\"wpforms-field wpforms-field-checkbox\" data-field-id=\"8\"><fieldset><legend class=\"wpforms-field-label\">Datenschutz-Best\u00e4tigung <span class=\"wpforms-required-label\" aria-hidden=\"true\">*<\/span><\/legend><ul id=\"wpforms-5077-field_8\" class=\"wpforms-field-required\"><li class=\"choice-1 depth-1\"><input type=\"checkbox\" id=\"wpforms-5077-field_8_1\" name=\"wpforms[fields][8][]\" value=\"Ich stimme zu, dass meine Angaben aus dem Kontaktformular zur Beantwortung meiner Anfrage erhoben und verarbeitet werden. Die Daten werden ausschlie\u00dflich zu diesem Zweck genutzt. Detaillierte Informationen zum Umgang mit Nutzerdaten und M\u00f6glichkeiten des Widerrufs finden Sie in unserer Datenschutzerkl\u00e4rung.\" aria-errormessage=\"wpforms-5077-field_8_1-error\" required ><label class=\"wpforms-field-label-inline\" for=\"wpforms-5077-field_8_1\">Ich stimme zu, dass meine Angaben aus dem Kontaktformular zur Beantwortung meiner Anfrage erhoben und verarbeitet werden. Die Daten werden ausschlie\u00dflich zu diesem Zweck genutzt. Detaillierte Informationen zum Umgang mit Nutzerdaten und M\u00f6glichkeiten des Widerrufs finden Sie in unserer Datenschutzerkl\u00e4rung.<\/label><\/li><\/ul><\/fieldset><\/div><script>\n\t\t\t\t( function() {\n\t\t\t\t\tconst style = document.createElement( 'style' );\n\t\t\t\t\tstyle.appendChild( document.createTextNode( '#wpforms-5077-field_2-container { position: absolute !important; overflow: hidden !important; display: inline !important; height: 1px !important; width: 1px !important; z-index: -1000 !important; padding: 0 !important; } #wpforms-5077-field_2-container input { visibility: hidden; } #wpforms-conversational-form-page #wpforms-5077-field_2-container label { counter-increment: none; }' ) );\n\t\t\t\t\tdocument.head.appendChild( style );\n\t\t\t\t\tdocument.currentScript?.remove();\n\t\t\t\t} )();\n\t\t\t<\/script><\/div><!-- .wpforms-field-container --><div class=\"wpforms-recaptcha-container wpforms-is-hcaptcha\" ><div class=\"g-recaptcha\" data-sitekey=\"9300a4ae-0d1a-47b0-9d1e-7100d98a5ffa\"><\/div><input type=\"text\" name=\"g-recaptcha-hidden\" class=\"wpforms-recaptcha-hidden\" style=\"position:absolute!important;clip:rect(0,0,0,0)!important;height:1px!important;width:1px!important;border:0!important;overflow:hidden!important;padding:0!important;margin:0!important;\" data-rule-hcaptcha=\"1\"><\/div><div class=\"wpforms-submit-container\" ><input type=\"hidden\" name=\"wpforms[id]\" value=\"5077\"><input type=\"hidden\" name=\"page_title\" value=\"\"><input type=\"hidden\" name=\"page_url\" value=\"https:\/\/www.antrobotics.de\/index.php?rest_route=\/wp\/v2\/pages\/5069\"><input type=\"hidden\" name=\"url_referer\" value=\"\"><button type=\"submit\" name=\"wpforms[submit]\" id=\"wpforms-submit-5077\" class=\"wpforms-submit\" data-alt-text=\"Sending...\" data-submit-text=\"R\u00dcCKRUF ANFORDERN\" aria-live=\"assertive\" value=\"wpforms-submit\">R\u00dcCKRUF ANFORDERN<\/button><img decoding=\"async\" src=\"https:\/\/www.antrobotics.de\/wp-content\/plugins\/wpforms-lite\/assets\/images\/submit-spin.svg\" class=\"wpforms-submit-spinner\" style=\"display: none;\" width=\"26\" height=\"26\" alt=\"Wird geladen\"><\/div><\/form><\/div>  <!-- .wpforms-container --><\/div>\n\t\t\t\t\t\t<\/div>\n\t\t\t\t<\/div>\n\t\t\t\t\t<\/div>\n\t\t<\/div>\n\t\t\t\t\t<\/div>\n\t\t<\/section>\n\t\t\t\t<\/div>\n\t\t","protected":false},"excerpt":{"rendered":"<p>Contact Callback contact form We will be happy to call you back. Please fill out the form and we will get back to you as soon as possible.<\/p>\n","protected":false},"author":6,"featured_media":0,"parent":4894,"menu_order":0,"comment_status":"closed","ping_status":"closed","template":"elementor_header_footer","meta":{"_monsterinsights_skip_tracking":false,"_monsterinsights_sitenote_active":false,"_monsterinsights_sitenote_note":"","_monsterinsights_sitenote_category":0,"site-sidebar-layout":"default","site-content-layout":"","ast-site-content-layout":"default","site-content-style":"default","site-sidebar-style":"default","ast-global-header-display":"","ast-banner-title-visibility":"","ast-main-header-display":"","ast-hfb-above-header-display":"","ast-hfb-below-header-display":"","ast-hfb-mobile-header-display":"","site-post-title":"","ast-breadcrumbs-content":"","ast-featured-img":"","footer-sml-layout":"","theme-transparent-header-meta":"","adv-header-id-meta":"","stick-header-meta":"","header-above-stick-meta":"","header-main-stick-meta":"","header-below-stick-meta":"","astra-migrate-meta-layouts":"default","ast-page-background-enabled":"default","ast-page-background-meta":{"desktop":{"background-color":"var(--ast-global-color-4)","background-image":"","background-repeat":"repeat","background-position":"center center","background-size":"auto","background-attachment":"scroll","background-type":"","background-media":"","overlay-type":"","overlay-color":"","overlay-opacity":"","overlay-gradient":""},"tablet":{"background-color":"","background-image":"","background-repeat":"repeat","background-position":"center center","background-size":"auto","background-attachment":"scroll","background-type":"","background-media":"","overlay-type":"","overlay-color":"","overlay-opacity":"","overlay-gradient":""},"mobile":{"background-color":"","background-image":"","background-repeat":"repeat","background-position":"center center","background-size":"auto","background-attachment":"scroll","background-type":"","background-media":"","overlay-type":"","overlay-color":"","overlay-opacity":"","overlay-gradient":""}},"ast-content-background-meta":{"desktop":{"background-color":"var(--ast-global-color-5)","background-image":"","background-repeat":"repeat","background-position":"center center","background-size":"auto","background-attachment":"scroll","background-type":"","background-media":"","overlay-type":"","overlay-color":"","overlay-opacity":"","overlay-gradient":""},"tablet":{"background-color":"var(--ast-global-color-5)","background-image":"","background-repeat":"repeat","background-position":"center center","background-size":"auto","background-attachment":"scroll","background-type":"","background-media":"","overlay-type":"","overlay-color":"","overlay-opacity":"","overlay-gradient":""},"mobile":{"background-color":"var(--ast-global-color-5)","background-image":"","background-repeat":"repeat","background-position":"center center","background-size":"auto","background-attachment":"scroll","background-type":"","background-media":"","overlay-type":"","overlay-color":"","overlay-opacity":"","overlay-gradient":""}},"footnotes":""},"class_list":["post-5069","page","type-page","status-publish","hentry"],"yoast_head":"<!-- This site is optimized with the Yoast SEO plugin v25.8 - https:\/\/yoast.com\/wordpress\/plugins\/seo\/ -->\n<title>CONTACT Callback -<\/title>\n<meta name=\"robots\" content=\"index, follow, max-snippet:-1, max-image-preview:large, max-video-preview:-1\" \/>\n<link rel=\"canonical\" href=\"https:\/\/www.antrobotics.de\/?page_id=5069\" \/>\n<meta property=\"og:locale\" content=\"de_DE\" \/>\n<meta property=\"og:type\" content=\"article\" \/>\n<meta property=\"og:title\" content=\"CONTACT Callback -\" \/>\n<meta property=\"og:description\" content=\"Contact Callback contact form We will be happy to call you back. Please fill out the form and we will get back to you as soon as possible.\" \/>\n<meta property=\"og:url\" content=\"https:\/\/www.antrobotics.de\/?page_id=5069&amp;lang=en\" \/>\n<meta property=\"article:modified_time\" content=\"2025-08-24T23:19:32+00:00\" \/>\n<meta name=\"twitter:card\" content=\"summary_large_image\" \/>\n<script type=\"application\/ld+json\" class=\"yoast-schema-graph\">{\"@context\":\"https:\/\/schema.org\",\"@graph\":[{\"@type\":\"WebPage\",\"@id\":\"https:\/\/www.antrobotics.de\/?page_id=5069&lang=en\",\"url\":\"https:\/\/www.antrobotics.de\/?page_id=5069&lang=en\",\"name\":\"CONTACT Callback -\",\"isPartOf\":{\"@id\":\"https:\/\/www.antrobotics.de\/#website\"},\"datePublished\":\"2025-08-23T13:41:38+00:00\",\"dateModified\":\"2025-08-24T23:19:32+00:00\",\"breadcrumb\":{\"@id\":\"https:\/\/www.antrobotics.de\/?page_id=5069&lang=en#breadcrumb\"},\"inLanguage\":\"de\",\"potentialAction\":[{\"@type\":\"ReadAction\",\"target\":[\"https:\/\/www.antrobotics.de\/?page_id=5069&lang=en\"]}]},{\"@type\":\"BreadcrumbList\",\"@id\":\"https:\/\/www.antrobotics.de\/?page_id=5069&lang=en#breadcrumb\",\"itemListElement\":[{\"@type\":\"ListItem\",\"position\":1,\"name\":\"Home\",\"item\":\"https:\/\/www.antrobotics.de\/\"},{\"@type\":\"ListItem\",\"position\":2,\"name\":\"HOME\",\"item\":\"https:\/\/www.antrobotics.de\/\"},{\"@type\":\"ListItem\",\"position\":3,\"name\":\"CONTACT\",\"item\":\"https:\/\/www.antrobotics.de\/?page_id=4894\"},{\"@type\":\"ListItem\",\"position\":4,\"name\":\"CONTACT Callback\"}]},{\"@type\":\"WebSite\",\"@id\":\"https:\/\/www.antrobotics.de\/#website\",\"url\":\"https:\/\/www.antrobotics.de\/\",\"name\":\"\",\"description\":\"https:\/\/www.antrobotics.de\/\",\"potentialAction\":[{\"@type\":\"SearchAction\",\"target\":{\"@type\":\"EntryPoint\",\"urlTemplate\":\"https:\/\/www.antrobotics.de\/?s={search_term_string}\"},\"query-input\":{\"@type\":\"PropertyValueSpecification\",\"valueRequired\":true,\"valueName\":\"search_term_string\"}}],\"inLanguage\":\"de\"}]}<\/script>\n<!-- \/ Yoast SEO plugin. -->","yoast_head_json":{"title":"CONTACT Callback -","robots":{"index":"index","follow":"follow","max-snippet":"max-snippet:-1","max-image-preview":"max-image-preview:large","max-video-preview":"max-video-preview:-1"},"canonical":"https:\/\/www.antrobotics.de\/?page_id=5069","og_locale":"de_DE","og_type":"article","og_title":"CONTACT Callback -","og_description":"Contact Callback contact form We will be happy to call you back. Please fill out the form and we will get back to you as soon as possible.","og_url":"https:\/\/www.antrobotics.de\/?page_id=5069&lang=en","article_modified_time":"2025-08-24T23:19:32+00:00","twitter_card":"summary_large_image","schema":{"@context":"https:\/\/schema.org","@graph":[{"@type":"WebPage","@id":"https:\/\/www.antrobotics.de\/?page_id=5069&lang=en","url":"https:\/\/www.antrobotics.de\/?page_id=5069&lang=en","name":"CONTACT Callback -","isPartOf":{"@id":"https:\/\/www.antrobotics.de\/#website"},"datePublished":"2025-08-23T13:41:38+00:00","dateModified":"2025-08-24T23:19:32+00:00","breadcrumb":{"@id":"https:\/\/www.antrobotics.de\/?page_id=5069&lang=en#breadcrumb"},"inLanguage":"de","potentialAction":[{"@type":"ReadAction","target":["https:\/\/www.antrobotics.de\/?page_id=5069&lang=en"]}]},{"@type":"BreadcrumbList","@id":"https:\/\/www.antrobotics.de\/?page_id=5069&lang=en#breadcrumb","itemListElement":[{"@type":"ListItem","position":1,"name":"Home","item":"https:\/\/www.antrobotics.de\/"},{"@type":"ListItem","position":2,"name":"HOME","item":"https:\/\/www.antrobotics.de\/"},{"@type":"ListItem","position":3,"name":"CONTACT","item":"https:\/\/www.antrobotics.de\/?page_id=4894"},{"@type":"ListItem","position":4,"name":"CONTACT Callback"}]},{"@type":"WebSite","@id":"https:\/\/www.antrobotics.de\/#website","url":"https:\/\/www.antrobotics.de\/","name":"","description":"https:\/\/www.antrobotics.de\/","potentialAction":[{"@type":"SearchAction","target":{"@type":"EntryPoint","urlTemplate":"https:\/\/www.antrobotics.de\/?s={search_term_string}"},"query-input":{"@type":"PropertyValueSpecification","valueRequired":true,"valueName":"search_term_string"}}],"inLanguage":"de"}]}},"jetpack_sharing_enabled":true,"_links":{"self":[{"href":"https:\/\/www.antrobotics.de\/index.php?rest_route=\/wp\/v2\/pages\/5069","targetHints":{"allow":["GET"]}}],"collection":[{"href":"https:\/\/www.antrobotics.de\/index.php?rest_route=\/wp\/v2\/pages"}],"about":[{"href":"https:\/\/www.antrobotics.de\/index.php?rest_route=\/wp\/v2\/types\/page"}],"author":[{"embeddable":true,"href":"https:\/\/www.antrobotics.de\/index.php?rest_route=\/wp\/v2\/users\/6"}],"replies":[{"embeddable":true,"href":"https:\/\/www.antrobotics.de\/index.php?rest_route=%2Fwp%2Fv2%2Fcomments&post=5069"}],"version-history":[{"count":4,"href":"https:\/\/www.antrobotics.de\/index.php?rest_route=\/wp\/v2\/pages\/5069\/revisions"}],"predecessor-version":[{"id":5188,"href":"https:\/\/www.antrobotics.de\/index.php?rest_route=\/wp\/v2\/pages\/5069\/revisions\/5188"}],"up":[{"embeddable":true,"href":"https:\/\/www.antrobotics.de\/index.php?rest_route=\/wp\/v2\/pages\/4894"}],"wp:attachment":[{"href":"https:\/\/www.antrobotics.de\/index.php?rest_route=%2Fwp%2Fv2%2Fmedia&parent=5069"}],"curies":[{"name":"wp","href":"https:\/\/api.w.org\/{rel}","templated":true}]}}