{"id":4914,"date":"2025-08-20T08:38:08","date_gmt":"2025-08-20T06:38:08","guid":{"rendered":"https:\/\/www.antrobotics.de\/antrobotics-stag?page_id=4914"},"modified":"2025-08-20T09:59:12","modified_gmt":"2025-08-20T07:59:12","slug":"dokumenten-download","status":"publish","type":"page","link":"https:\/\/www.antrobotics.de\/?page_id=4914","title":{"rendered":"Dokumenten-Download"},"content":{"rendered":"\t\t<div data-elementor-type=\"wp-page\" data-elementor-id=\"4914\" class=\"elementor elementor-4914\" data-elementor-post-type=\"page\">\n\t\t\t\t\t\t<section class=\"has_eae_slider elementor-section elementor-top-section elementor-element elementor-element-dfffd2a elementor-section-height-min-height elementor-section-boxed elementor-section-height-default elementor-section-items-middle\" data-eae-slider=\"9598\" data-id=\"dfffd2a\" data-element_type=\"section\" data-settings=\"{&quot;background_background&quot;:&quot;classic&quot;}\">\n\t\t\t\t\t\t\t<div class=\"elementor-background-overlay\"><\/div>\n\t\t\t\t\t\t\t<div class=\"elementor-container elementor-column-gap-no\">\n\t\t\t\t\t<div class=\"has_eae_slider elementor-column elementor-col-100 elementor-top-column elementor-element elementor-element-902ba96\" data-eae-slider=\"37354\" data-id=\"902ba96\" data-element_type=\"column\">\n\t\t\t<div class=\"elementor-widget-wrap elementor-element-populated\">\n\t\t\t\t\t\t<div class=\"elementor-element elementor-element-f7f5c1d elementor-widget elementor-widget-heading\" data-id=\"f7f5c1d\" data-element_type=\"widget\" data-widget_type=\"heading.default\">\n\t\t\t\t<div class=\"elementor-widget-container\">\n\t\t\t\t\t<h1 class=\"elementor-heading-title elementor-size-default\">DOKUMENTEN-DOWNLOAD<\/h1>\t\t\t\t<\/div>\n\t\t\t\t<\/div>\n\t\t\t\t\t<\/div>\n\t\t<\/div>\n\t\t\t\t\t<\/div>\n\t\t<\/section>\n\t\t\t\t<section class=\"has_eae_slider elementor-section elementor-top-section elementor-element elementor-element-52014af elementor-section-boxed elementor-section-height-default elementor-section-height-default\" data-eae-slider=\"80233\" data-id=\"52014af\" data-element_type=\"section\" data-settings=\"{&quot;background_background&quot;:&quot;classic&quot;}\">\n\t\t\t\t\t\t<div class=\"elementor-container elementor-column-gap-no\">\n\t\t\t\t\t<div class=\"has_eae_slider elementor-column elementor-col-100 elementor-top-column elementor-element elementor-element-ee64adf\" data-eae-slider=\"91055\" data-id=\"ee64adf\" data-element_type=\"column\">\n\t\t\t<div class=\"elementor-widget-wrap elementor-element-populated\">\n\t\t\t\t\t\t<section class=\"has_eae_slider elementor-section elementor-inner-section elementor-element elementor-element-d164883 elementor-section-boxed elementor-section-height-default elementor-section-height-default\" data-eae-slider=\"96092\" data-id=\"d164883\" data-element_type=\"section\">\n\t\t\t\t\t\t<div class=\"elementor-container elementor-column-gap-no\">\n\t\t\t\t\t<div class=\"has_eae_slider elementor-column elementor-col-100 elementor-inner-column elementor-element elementor-element-99b4c7e\" data-eae-slider=\"83381\" data-id=\"99b4c7e\" data-element_type=\"column\">\n\t\t\t<div class=\"elementor-widget-wrap elementor-element-populated\">\n\t\t\t\t\t\t<div class=\"elementor-element elementor-element-ae530e7 elementor-widget__width-initial elementor-widget elementor-widget-heading\" data-id=\"ae530e7\" data-element_type=\"widget\" data-widget_type=\"heading.default\">\n\t\t\t\t<div class=\"elementor-widget-container\">\n\t\t\t\t\t<h2 class=\"elementor-heading-title elementor-size-default\">Informationen als Download <\/h2>\t\t\t\t<\/div>\n\t\t\t\t<\/div>\n\t\t\t\t\t<\/div>\n\t\t<\/div>\n\t\t\t\t\t<\/div>\n\t\t<\/section>\n\t\t\t\t<div class=\"elementor-element elementor-element-cb938d1 elementor-widget elementor-widget-text-editor\" data-id=\"cb938d1\" data-element_type=\"widget\" data-widget_type=\"text-editor.default\">\n\t\t\t\t<div class=\"elementor-widget-container\">\n\t\t\t\t\t\t\t\t\t<p>Finden Sie hier alle offiziellen Dateien, wie Produkt-Datenbl\u00e4tter, Produktbilder, Unternehmens-Brosch\u00fcren etc. von ANT ROBOTICS als Download.<\/p>\t\t\t\t\t\t\t\t<\/div>\n\t\t\t\t<\/div>\n\t\t\t\t\t<\/div>\n\t\t<\/div>\n\t\t\t\t\t<\/div>\n\t\t<\/section>\n\t\t\t\t<section class=\"has_eae_slider elementor-section elementor-top-section elementor-element elementor-element-2eddadb elementor-section-boxed elementor-section-height-default elementor-section-height-default\" data-eae-slider=\"16192\" data-id=\"2eddadb\" data-element_type=\"section\">\n\t\t\t\t\t\t<div class=\"elementor-container elementor-column-gap-default\">\n\t\t\t\t\t<div class=\"has_eae_slider elementor-column elementor-col-100 elementor-top-column elementor-element elementor-element-d00fa36\" data-eae-slider=\"82358\" data-id=\"d00fa36\" data-element_type=\"column\">\n\t\t\t<div class=\"elementor-widget-wrap elementor-element-populated\">\n\t\t\t\t\t\t<div class=\"elementor-element elementor-element-31081b1 elementor-tabs-view-horizontal elementor-widget elementor-widget-tabs\" data-id=\"31081b1\" data-element_type=\"widget\" data-widget_type=\"tabs.default\">\n\t\t\t\t<div class=\"elementor-widget-container\">\n\t\t\t\t\t\t\t<div class=\"elementor-tabs\">\n\t\t\t<div class=\"elementor-tabs-wrapper\" role=\"tablist\" >\n\t\t\t\t\t\t\t\t\t<div id=\"elementor-tab-title-5141\" class=\"elementor-tab-title elementor-tab-desktop-title\" aria-selected=\"true\" data-tab=\"1\" role=\"tab\" tabindex=\"0\" aria-controls=\"elementor-tab-content-5141\" aria-expanded=\"false\">Brosch\u00fcren<\/div>\n\t\t\t\t\t\t\t\t\t<div id=\"elementor-tab-title-5142\" class=\"elementor-tab-title elementor-tab-desktop-title\" aria-selected=\"false\" data-tab=\"2\" role=\"tab\" tabindex=\"-1\" aria-controls=\"elementor-tab-content-5142\" aria-expanded=\"false\">Produkt-Datenbl\u00e4tter<\/div>\n\t\t\t\t\t\t\t\t\t<div id=\"elementor-tab-title-5143\" class=\"elementor-tab-title elementor-tab-desktop-title\" aria-selected=\"false\" data-tab=\"3\" role=\"tab\" tabindex=\"-1\" aria-controls=\"elementor-tab-content-5143\" aria-expanded=\"false\">Produkt-Bilderordner<\/div>\n\t\t\t\t\t\t\t<\/div>\n\t\t\t<div class=\"elementor-tabs-content-wrapper\" role=\"tablist\" aria-orientation=\"vertical\">\n\t\t\t\t\t\t\t\t\t<div class=\"elementor-tab-title elementor-tab-mobile-title\" aria-selected=\"true\" data-tab=\"1\" role=\"tab\" tabindex=\"0\" aria-controls=\"elementor-tab-content-5141\" aria-expanded=\"false\">Brosch\u00fcren<\/div>\n\t\t\t\t\t<div id=\"elementor-tab-content-5141\" class=\"elementor-tab-content elementor-clearfix\" data-tab=\"1\" role=\"tabpanel\" aria-labelledby=\"elementor-tab-title-5141\" tabindex=\"0\" hidden=\"false\"><ul><li><a href=\"https:\/\/www.antrobotics.de\/wp-content\/uploads\/2025\/08\/ANT-ROBOTICS-Produktubersicht-2025.pdf\" target=\"_blank\" rel=\"noopener\">ANT ROBOTICS Produkt\u00fcbersicht 2025<\/a><\/li><li><a href=\"https:\/\/www.antrobotics.de\/wp-content\/uploads\/2025\/08\/ANT-Broschure_2024.pdf\" target=\"_blank\" rel=\"noopener\">ANT ROBOTICS Unternehmensbrosch\u00fcre<\/a><\/li><\/ul><\/div>\n\t\t\t\t\t\t\t\t\t<div class=\"elementor-tab-title elementor-tab-mobile-title\" aria-selected=\"false\" data-tab=\"2\" role=\"tab\" tabindex=\"-1\" aria-controls=\"elementor-tab-content-5142\" aria-expanded=\"false\">Produkt-Datenbl\u00e4tter<\/div>\n\t\t\t\t\t<div id=\"elementor-tab-content-5142\" class=\"elementor-tab-content elementor-clearfix\" data-tab=\"2\" role=\"tabpanel\" aria-labelledby=\"elementor-tab-title-5142\" tabindex=\"0\" hidden=\"hidden\"><ul><li><a href=\"https:\/\/www.antrobotics.de\/wp-content\/uploads\/2025\/08\/Datenblatt_Adir-Basic_DE.pdf\" target=\"_blank\" rel=\"noopener\">ADIR BASIC | DE<\/a><\/li><li><a href=\"https:\/\/www.antrobotics.de\/wp-content\/uploads\/2025\/08\/Datenblatt_Adir-Power_DE-1.pdf\" target=\"_blank\" rel=\"noopener\">ADIR POWER | DE<\/a><\/li><li><a href=\"https:\/\/www.antrobotics.de\/wp-content\/uploads\/2025\/08\/Datenblatt_Adir_Stellagen-Spritze_DE.pdf\" target=\"_blank\" rel=\"noopener\">ADIR STELLAGEN SPRITZE | DE<\/a><\/li><li><a href=\"https:\/\/www.antrobotics.de\/wp-content\/uploads\/2025\/08\/Datenblatt_Valera-8_DE.pdf\" target=\"_blank\" rel=\"noopener\">VALERA | DE<\/a><\/li><\/ul><\/div>\n\t\t\t\t\t\t\t\t\t<div class=\"elementor-tab-title elementor-tab-mobile-title\" aria-selected=\"false\" data-tab=\"3\" role=\"tab\" tabindex=\"-1\" aria-controls=\"elementor-tab-content-5143\" aria-expanded=\"false\">Produkt-Bilderordner<\/div>\n\t\t\t\t\t<div id=\"elementor-tab-content-5143\" class=\"elementor-tab-content elementor-clearfix\" data-tab=\"3\" role=\"tabpanel\" aria-labelledby=\"elementor-tab-title-5143\" tabindex=\"0\" hidden=\"hidden\"><ul><li>ADIR BASIC<\/li><li>ADIR POWER<\/li><li>ADIR STELLAGEN SPRITZE<\/li><li>VALERA<\/li><\/ul><\/div>\n\t\t\t\t\t\t\t<\/div>\n\t\t<\/div>\n\t\t\t\t\t\t<\/div>\n\t\t\t\t<\/div>\n\t\t\t\t<div class=\"elementor-element elementor-element-2063950 elementor-widget elementor-widget-spacer\" data-id=\"2063950\" data-element_type=\"widget\" data-widget_type=\"spacer.default\">\n\t\t\t\t<div class=\"elementor-widget-container\">\n\t\t\t\t\t\t\t<div class=\"elementor-spacer\">\n\t\t\t<div class=\"elementor-spacer-inner\"><\/div>\n\t\t<\/div>\n\t\t\t\t\t\t<\/div>\n\t\t\t\t<\/div>\n\t\t\t\t\t<\/div>\n\t\t<\/div>\n\t\t\t\t\t<\/div>\n\t\t<\/section>\n\t\t\t\t<\/div>\n\t\t","protected":false},"excerpt":{"rendered":"<p>DOKUMENTEN-DOWNLOAD Informationen als Download Finden Sie hier alle offiziellen Dateien, wie Produkt-Datenbl\u00e4tter, Produktbilder, Unternehmens-Brosch\u00fcren etc. von ANT ROBOTICS als Download. Brosch\u00fcren Produkt-Datenbl\u00e4tter Produkt-Bilderordner Brosch\u00fcren ANT ROBOTICS Produkt\u00fcbersicht 2025 ANT ROBOTICS Unternehmensbrosch\u00fcre Produkt-Datenbl\u00e4tter ADIR BASIC | DE ADIR POWER | DE ADIR STELLAGEN SPRITZE | DE VALERA | DE Produkt-Bilderordner ADIR BASIC ADIR POWER ADIR STELLAGEN [&hellip;]<\/p>\n","protected":false},"author":6,"featured_media":0,"parent":4232,"menu_order":0,"comment_status":"closed","ping_status":"closed","template":"elementor_header_footer","meta":{"_monsterinsights_skip_tracking":false,"_monsterinsights_sitenote_active":false,"_monsterinsights_sitenote_note":"","_monsterinsights_sitenote_category":0,"site-sidebar-layout":"default","site-content-layout":"","ast-site-content-layout":"default","site-content-style":"default","site-sidebar-style":"default","ast-global-header-display":"","ast-banner-title-visibility":"","ast-main-header-display":"","ast-hfb-above-header-display":"","ast-hfb-below-header-display":"","ast-hfb-mobile-header-display":"","site-post-title":"","ast-breadcrumbs-content":"","ast-featured-img":"","footer-sml-layout":"","theme-transparent-header-meta":"","adv-header-id-meta":"","stick-header-meta":"","header-above-stick-meta":"","header-main-stick-meta":"","header-below-stick-meta":"","astra-migrate-meta-layouts":"default","ast-page-background-enabled":"default","ast-page-background-meta":{"desktop":{"background-color":"var(--ast-global-color-4)","background-image":"","background-repeat":"repeat","background-position":"center center","background-size":"auto","background-attachment":"scroll","background-type":"","background-media":"","overlay-type":"","overlay-color":"","overlay-opacity":"","overlay-gradient":""},"tablet":{"background-color":"","background-image":"","background-repeat":"repeat","background-position":"center center","background-size":"auto","background-attachment":"scroll","background-type":"","background-media":"","overlay-type":"","overlay-color":"","overlay-opacity":"","overlay-gradient":""},"mobile":{"background-color":"","background-image":"","background-repeat":"repeat","background-position":"center center","background-size":"auto","background-attachment":"scroll","background-type":"","background-media":"","overlay-type":"","overlay-color":"","overlay-opacity":"","overlay-gradient":""}},"ast-content-background-meta":{"desktop":{"background-color":"var(--ast-global-color-5)","background-image":"","background-repeat":"repeat","background-position":"center center","background-size":"auto","background-attachment":"scroll","background-type":"","background-media":"","overlay-type":"","overlay-color":"","overlay-opacity":"","overlay-gradient":""},"tablet":{"background-color":"var(--ast-global-color-5)","background-image":"","background-repeat":"repeat","background-position":"center center","background-size":"auto","background-attachment":"scroll","background-type":"","background-media":"","overlay-type":"","overlay-color":"","overlay-opacity":"","overlay-gradient":""},"mobile":{"background-color":"var(--ast-global-color-5)","background-image":"","background-repeat":"repeat","background-position":"center center","background-size":"auto","background-attachment":"scroll","background-type":"","background-media":"","overlay-type":"","overlay-color":"","overlay-opacity":"","overlay-gradient":""}},"footnotes":""},"class_list":["post-4914","page","type-page","status-publish","hentry"],"yoast_head":"<!-- This site is optimized with the Yoast SEO plugin v25.8 - https:\/\/yoast.com\/wordpress\/plugins\/seo\/ -->\n<title>Dokumenten-Download -<\/title>\n<meta name=\"robots\" content=\"index, follow, max-snippet:-1, max-image-preview:large, max-video-preview:-1\" \/>\n<link rel=\"canonical\" href=\"https:\/\/www.antrobotics.de\/?page_id=4914\" \/>\n<meta property=\"og:locale\" content=\"de_DE\" \/>\n<meta property=\"og:type\" content=\"article\" \/>\n<meta property=\"og:title\" content=\"Dokumenten-Download -\" \/>\n<meta property=\"og:description\" content=\"DOKUMENTEN-DOWNLOAD Informationen als Download Finden Sie hier alle offiziellen Dateien, wie Produkt-Datenbl\u00e4tter, Produktbilder, Unternehmens-Brosch\u00fcren etc. von ANT ROBOTICS als Download. Brosch\u00fcren Produkt-Datenbl\u00e4tter Produkt-Bilderordner Brosch\u00fcren ANT ROBOTICS Produkt\u00fcbersicht 2025 ANT ROBOTICS Unternehmensbrosch\u00fcre Produkt-Datenbl\u00e4tter ADIR BASIC | DE ADIR POWER | DE ADIR STELLAGEN SPRITZE | DE VALERA | DE Produkt-Bilderordner ADIR BASIC ADIR POWER ADIR STELLAGEN [&hellip;]\" \/>\n<meta property=\"og:url\" content=\"https:\/\/www.antrobotics.de\/?page_id=4914\" \/>\n<meta property=\"article:modified_time\" content=\"2025-08-20T07:59:12+00:00\" \/>\n<meta name=\"twitter:card\" content=\"summary_large_image\" \/>\n<meta name=\"twitter:label1\" content=\"Gesch\u00e4tzte Lesezeit\" \/>\n\t<meta name=\"twitter:data1\" content=\"1\u00a0Minute\" \/>\n<script type=\"application\/ld+json\" class=\"yoast-schema-graph\">{\"@context\":\"https:\/\/schema.org\",\"@graph\":[{\"@type\":\"WebPage\",\"@id\":\"https:\/\/www.antrobotics.de\/?page_id=4914\",\"url\":\"https:\/\/www.antrobotics.de\/?page_id=4914\",\"name\":\"Dokumenten-Download -\",\"isPartOf\":{\"@id\":\"https:\/\/www.antrobotics.de\/#website\"},\"datePublished\":\"2025-08-20T06:38:08+00:00\",\"dateModified\":\"2025-08-20T07:59:12+00:00\",\"breadcrumb\":{\"@id\":\"https:\/\/www.antrobotics.de\/?page_id=4914#breadcrumb\"},\"inLanguage\":\"de\",\"potentialAction\":[{\"@type\":\"ReadAction\",\"target\":[\"https:\/\/www.antrobotics.de\/?page_id=4914\"]}]},{\"@type\":\"BreadcrumbList\",\"@id\":\"https:\/\/www.antrobotics.de\/?page_id=4914#breadcrumb\",\"itemListElement\":[{\"@type\":\"ListItem\",\"position\":1,\"name\":\"Home\",\"item\":\"https:\/\/www.antrobotics.de\/\"},{\"@type\":\"ListItem\",\"position\":2,\"name\":\"Leistungen\",\"item\":\"https:\/\/www.antrobotics.de\/?page_id=4232\"},{\"@type\":\"ListItem\",\"position\":3,\"name\":\"Dokumenten-Download\"}]},{\"@type\":\"WebSite\",\"@id\":\"https:\/\/www.antrobotics.de\/#website\",\"url\":\"https:\/\/www.antrobotics.de\/\",\"name\":\"\",\"description\":\"https:\/\/www.antrobotics.de\/\",\"potentialAction\":[{\"@type\":\"SearchAction\",\"target\":{\"@type\":\"EntryPoint\",\"urlTemplate\":\"https:\/\/www.antrobotics.de\/?s={search_term_string}\"},\"query-input\":{\"@type\":\"PropertyValueSpecification\",\"valueRequired\":true,\"valueName\":\"search_term_string\"}}],\"inLanguage\":\"de\"}]}<\/script>\n<!-- \/ Yoast SEO plugin. -->","yoast_head_json":{"title":"Dokumenten-Download -","robots":{"index":"index","follow":"follow","max-snippet":"max-snippet:-1","max-image-preview":"max-image-preview:large","max-video-preview":"max-video-preview:-1"},"canonical":"https:\/\/www.antrobotics.de\/?page_id=4914","og_locale":"de_DE","og_type":"article","og_title":"Dokumenten-Download -","og_description":"DOKUMENTEN-DOWNLOAD Informationen als Download Finden Sie hier alle offiziellen Dateien, wie Produkt-Datenbl\u00e4tter, Produktbilder, Unternehmens-Brosch\u00fcren etc. von ANT ROBOTICS als Download. Brosch\u00fcren Produkt-Datenbl\u00e4tter Produkt-Bilderordner Brosch\u00fcren ANT ROBOTICS Produkt\u00fcbersicht 2025 ANT ROBOTICS Unternehmensbrosch\u00fcre Produkt-Datenbl\u00e4tter ADIR BASIC | DE ADIR POWER | DE ADIR STELLAGEN SPRITZE | DE VALERA | DE Produkt-Bilderordner ADIR BASIC ADIR POWER ADIR STELLAGEN [&hellip;]","og_url":"https:\/\/www.antrobotics.de\/?page_id=4914","article_modified_time":"2025-08-20T07:59:12+00:00","twitter_card":"summary_large_image","twitter_misc":{"Gesch\u00e4tzte Lesezeit":"1\u00a0Minute"},"schema":{"@context":"https:\/\/schema.org","@graph":[{"@type":"WebPage","@id":"https:\/\/www.antrobotics.de\/?page_id=4914","url":"https:\/\/www.antrobotics.de\/?page_id=4914","name":"Dokumenten-Download -","isPartOf":{"@id":"https:\/\/www.antrobotics.de\/#website"},"datePublished":"2025-08-20T06:38:08+00:00","dateModified":"2025-08-20T07:59:12+00:00","breadcrumb":{"@id":"https:\/\/www.antrobotics.de\/?page_id=4914#breadcrumb"},"inLanguage":"de","potentialAction":[{"@type":"ReadAction","target":["https:\/\/www.antrobotics.de\/?page_id=4914"]}]},{"@type":"BreadcrumbList","@id":"https:\/\/www.antrobotics.de\/?page_id=4914#breadcrumb","itemListElement":[{"@type":"ListItem","position":1,"name":"Home","item":"https:\/\/www.antrobotics.de\/"},{"@type":"ListItem","position":2,"name":"Leistungen","item":"https:\/\/www.antrobotics.de\/?page_id=4232"},{"@type":"ListItem","position":3,"name":"Dokumenten-Download"}]},{"@type":"WebSite","@id":"https:\/\/www.antrobotics.de\/#website","url":"https:\/\/www.antrobotics.de\/","name":"","description":"https:\/\/www.antrobotics.de\/","potentialAction":[{"@type":"SearchAction","target":{"@type":"EntryPoint","urlTemplate":"https:\/\/www.antrobotics.de\/?s={search_term_string}"},"query-input":{"@type":"PropertyValueSpecification","valueRequired":true,"valueName":"search_term_string"}}],"inLanguage":"de"}]}},"jetpack_sharing_enabled":true,"_links":{"self":[{"href":"https:\/\/www.antrobotics.de\/index.php?rest_route=\/wp\/v2\/pages\/4914","targetHints":{"allow":["GET"]}}],"collection":[{"href":"https:\/\/www.antrobotics.de\/index.php?rest_route=\/wp\/v2\/pages"}],"about":[{"href":"https:\/\/www.antrobotics.de\/index.php?rest_route=\/wp\/v2\/types\/page"}],"author":[{"embeddable":true,"href":"https:\/\/www.antrobotics.de\/index.php?rest_route=\/wp\/v2\/users\/6"}],"replies":[{"embeddable":true,"href":"https:\/\/www.antrobotics.de\/index.php?rest_route=%2Fwp%2Fv2%2Fcomments&post=4914"}],"version-history":[{"count":13,"href":"https:\/\/www.antrobotics.de\/index.php?rest_route=\/wp\/v2\/pages\/4914\/revisions"}],"predecessor-version":[{"id":4953,"href":"https:\/\/www.antrobotics.de\/index.php?rest_route=\/wp\/v2\/pages\/4914\/revisions\/4953"}],"up":[{"embeddable":true,"href":"https:\/\/www.antrobotics.de\/index.php?rest_route=\/wp\/v2\/pages\/4232"}],"wp:attachment":[{"href":"https:\/\/www.antrobotics.de\/index.php?rest_route=%2Fwp%2Fv2%2Fmedia&parent=4914"}],"curies":[{"name":"wp","href":"https:\/\/api.w.org\/{rel}","templated":true}]}}