{"id":4910,"date":"2025-07-24T15:13:50","date_gmt":"2025-07-24T13:13:50","guid":{"rendered":"https:\/\/www.antrobotics.de\/antrobotics-stag?page_id=4910"},"modified":"2025-08-26T15:40:59","modified_gmt":"2025-08-26T13:40:59","slug":"fields-tunnels-rowcrops","status":"publish","type":"page","link":"https:\/\/www.antrobotics.de\/?page_id=4910&lang=en","title":{"rendered":"Fields \/ Tunnels \/ Row Crops"},"content":{"rendered":"\t\t<div data-elementor-type=\"wp-page\" data-elementor-id=\"4910\" class=\"elementor elementor-4910 elementor-4222\" data-elementor-post-type=\"page\">\n\t\t\t\t\t\t<section class=\"has_eae_slider elementor-section elementor-top-section elementor-element elementor-element-dfffd2a elementor-section-height-min-height elementor-section-boxed elementor-section-height-default elementor-section-items-middle\" data-eae-slider=\"39269\" data-id=\"dfffd2a\" data-element_type=\"section\" data-settings=\"{&quot;background_background&quot;:&quot;classic&quot;}\">\n\t\t\t\t\t\t\t<div class=\"elementor-background-overlay\"><\/div>\n\t\t\t\t\t\t\t<div class=\"elementor-container elementor-column-gap-no\">\n\t\t\t\t\t<div class=\"has_eae_slider elementor-column elementor-col-100 elementor-top-column elementor-element elementor-element-902ba96\" data-eae-slider=\"79537\" data-id=\"902ba96\" data-element_type=\"column\">\n\t\t\t<div class=\"elementor-widget-wrap elementor-element-populated\">\n\t\t\t\t\t\t<div class=\"elementor-element elementor-element-f7f5c1d elementor-widget elementor-widget-heading\" data-id=\"f7f5c1d\" data-element_type=\"widget\" data-widget_type=\"heading.default\">\n\t\t\t\t<div class=\"elementor-widget-container\">\n\t\t\t\t\t<h2 class=\"elementor-heading-title elementor-size-default\">Fields | Tunnels | Row Crops<\/h2>\t\t\t\t<\/div>\n\t\t\t\t<\/div>\n\t\t\t\t\t<\/div>\n\t\t<\/div>\n\t\t\t\t\t<\/div>\n\t\t<\/section>\n\t\t\t\t<section class=\"has_eae_slider elementor-section elementor-top-section elementor-element elementor-element-52014af elementor-section-boxed elementor-section-height-default elementor-section-height-default\" data-eae-slider=\"77553\" data-id=\"52014af\" data-element_type=\"section\" data-settings=\"{&quot;background_background&quot;:&quot;classic&quot;}\">\n\t\t\t\t\t\t<div class=\"elementor-container elementor-column-gap-no\">\n\t\t\t\t\t<div class=\"has_eae_slider elementor-column elementor-col-100 elementor-top-column elementor-element elementor-element-ee64adf\" data-eae-slider=\"12123\" data-id=\"ee64adf\" data-element_type=\"column\">\n\t\t\t<div class=\"elementor-widget-wrap elementor-element-populated\">\n\t\t\t\t\t\t<section class=\"has_eae_slider elementor-section elementor-inner-section elementor-element elementor-element-d164883 elementor-hidden-desktop elementor-hidden-tablet elementor-hidden-mobile elementor-section-boxed elementor-section-height-default elementor-section-height-default\" data-eae-slider=\"28569\" data-id=\"d164883\" data-element_type=\"section\">\n\t\t\t\t\t\t<div class=\"elementor-container elementor-column-gap-no\">\n\t\t\t\t\t<div class=\"has_eae_slider elementor-column elementor-col-100 elementor-inner-column elementor-element elementor-element-99b4c7e\" data-eae-slider=\"44788\" data-id=\"99b4c7e\" data-element_type=\"column\">\n\t\t\t<div class=\"elementor-widget-wrap elementor-element-populated\">\n\t\t\t\t\t\t<div class=\"elementor-element elementor-element-ae530e7 elementor-widget__width-initial elementor-widget elementor-widget-heading\" data-id=\"ae530e7\" data-element_type=\"widget\" data-widget_type=\"heading.default\">\n\t\t\t\t<div class=\"elementor-widget-container\">\n\t\t\t\t\t<h2 class=\"elementor-heading-title elementor-size-default\">PRODUCT OVERVIEW<\/h2>\t\t\t\t<\/div>\n\t\t\t\t<\/div>\n\t\t\t\t\t<\/div>\n\t\t<\/div>\n\t\t\t\t\t<\/div>\n\t\t<\/section>\n\t\t\t\t\t<\/div>\n\t\t<\/div>\n\t\t\t\t\t<\/div>\n\t\t<\/section>\n\t\t\t\t<section class=\"has_eae_slider elementor-section elementor-top-section elementor-element elementor-element-1e862bf elementor-section-boxed elementor-section-height-default elementor-section-height-default\" data-eae-slider=\"5787\" data-id=\"1e862bf\" data-element_type=\"section\">\n\t\t\t\t\t\t<div class=\"elementor-container elementor-column-gap-default\">\n\t\t\t\t\t<div class=\"has_eae_slider elementor-column elementor-col-100 elementor-top-column elementor-element elementor-element-cebc452\" data-eae-slider=\"74584\" data-id=\"cebc452\" data-element_type=\"column\">\n\t\t\t<div class=\"elementor-widget-wrap elementor-element-populated\">\n\t\t\t\t\t\t<div class=\"elementor-element elementor-element-9235a02 elementor-widget elementor-widget-heading\" data-id=\"9235a02\" data-element_type=\"widget\" data-widget_type=\"heading.default\">\n\t\t\t\t<div class=\"elementor-widget-container\">\n\t\t\t\t\t<h2 class=\"elementor-heading-title elementor-size-default\">This page is currently being revised<\/h2>\t\t\t\t<\/div>\n\t\t\t\t<\/div>\n\t\t\t\t\t<\/div>\n\t\t<\/div>\n\t\t\t\t\t<\/div>\n\t\t<\/section>\n\t\t\t\t<section class=\"has_eae_slider elementor-section elementor-top-section elementor-element elementor-element-5e83173 elementor-section-boxed elementor-section-height-default elementor-section-height-default\" data-eae-slider=\"91563\" data-id=\"5e83173\" data-element_type=\"section\">\n\t\t\t\t\t\t<div class=\"elementor-container elementor-column-gap-default\">\n\t\t\t\t\t<div class=\"has_eae_slider elementor-column elementor-col-50 elementor-top-column elementor-element elementor-element-1feef20\" data-eae-slider=\"34752\" data-id=\"1feef20\" data-element_type=\"column\">\n\t\t\t<div class=\"elementor-widget-wrap elementor-element-populated\">\n\t\t\t\t\t\t<div class=\"elementor-element elementor-element-885d572 elementor-widget elementor-widget-image\" data-id=\"885d572\" data-element_type=\"widget\" data-widget_type=\"image.default\">\n\t\t\t\t<div class=\"elementor-widget-container\">\n\t\t\t\t\t\t\t\t\t\t\t\t\t\t\t<img fetchpriority=\"high\" decoding=\"async\" width=\"1024\" height=\"858\" src=\"https:\/\/www.antrobotics.de\/wp-content\/uploads\/2025\/08\/Check-back-soon.png\" class=\"attachment-large size-large wp-image-5306\" alt=\"\" \/>\t\t\t\t\t\t\t\t\t\t\t\t\t\t\t<\/div>\n\t\t\t\t<\/div>\n\t\t\t\t<div class=\"elementor-element elementor-element-7cde03b elementor-widget elementor-widget-text-editor\" data-id=\"7cde03b\" data-element_type=\"widget\" data-widget_type=\"text-editor.default\">\n\t\t\t\t<div class=\"elementor-widget-container\">\n\t\t\t\t\t\t\t\t\t<p>If you have any questions or would like to get in touch in the meantime, you can reach us by phone at <strong>+49 4174 6099 888, <\/strong>by email at <strong><a href=\"mailto:info@antrobotics.de\">info@antrobotics.de<\/a><\/strong> or use our contact form.<\/p>\t\t\t\t\t\t\t\t<\/div>\n\t\t\t\t<\/div>\n\t\t\t\t\t<\/div>\n\t\t<\/div>\n\t\t\t\t<div class=\"has_eae_slider elementor-column elementor-col-50 elementor-top-column elementor-element elementor-element-0f6f383\" data-eae-slider=\"11794\" data-id=\"0f6f383\" data-element_type=\"column\">\n\t\t\t<div class=\"elementor-widget-wrap elementor-element-populated\">\n\t\t\t\t\t\t<div class=\"elementor-element elementor-element-bde54a0 elementor-widget elementor-widget-heading\" data-id=\"bde54a0\" data-element_type=\"widget\" data-widget_type=\"heading.default\">\n\t\t\t\t<div class=\"elementor-widget-container\">\n\t\t\t\t\t<h2 class=\"elementor-heading-title elementor-size-default\">Contact Form<\/h2>\t\t\t\t<\/div>\n\t\t\t\t<\/div>\n\t\t\t\t<div class=\"elementor-element elementor-element-81ba5c9 elementor-widget elementor-widget-shortcode\" data-id=\"81ba5c9\" data-element_type=\"widget\" data-widget_type=\"shortcode.default\">\n\t\t\t\t<div class=\"elementor-widget-container\">\n\t\t\t\t\t\t\t<div class=\"elementor-shortcode\"><style id=\"wpforms-css-vars-628\">\n\t\t\t\t#wpforms-628 {\n\t\t\t\t\n\t\t\t}\n\t\t\t<\/style><div class=\"wpforms-container wpforms-container-full wpforms-render-modern\" id=\"wpforms-628\"><form id=\"wpforms-form-628\" class=\"wpforms-validate wpforms-form wpforms-ajax-form\" data-formid=\"628\" method=\"post\" enctype=\"multipart\/form-data\" action=\"\/index.php?rest_route=%2Fwp%2Fv2%2Fpages%2F4910\" data-token=\"b30bd00cdca72fd92e7b601850cfea2b\" data-token-time=\"1776871458\"><noscript class=\"wpforms-error-noscript\">Bitte aktiviere JavaScript in deinem Browser, um dieses Formular fertigzustellen.<\/noscript><div id=\"wpforms-error-noscript\" style=\"display: none;\">Bitte aktiviere JavaScript in deinem Browser, um dieses Formular fertigzustellen.<\/div><div class=\"wpforms-field-container\"><div id=\"wpforms-628-field_0-container\" class=\"wpforms-field wpforms-field-name\" data-field-id=\"0\"><label class=\"wpforms-field-label\" for=\"wpforms-628-field_0\">Vor- und Nachname <span class=\"wpforms-required-label\" aria-hidden=\"true\">*<\/span><\/label><input type=\"text\" id=\"wpforms-628-field_0\" class=\"wpforms-field-medium wpforms-field-required\" name=\"wpforms[fields][0]\" aria-errormessage=\"wpforms-628-field_0-error\" required><\/div><div id=\"wpforms-628-field_1-container\" class=\"wpforms-field wpforms-field-email\" data-field-id=\"1\"><label class=\"wpforms-field-label\" for=\"wpforms-628-field_1\">E-Mail <span class=\"wpforms-required-label\" aria-hidden=\"true\">*<\/span><\/label><input type=\"email\" id=\"wpforms-628-field_1\" class=\"wpforms-field-medium wpforms-field-required\" name=\"wpforms[fields][1]\" spellcheck=\"false\" aria-errormessage=\"wpforms-628-field_1-error\" required><\/div><div id=\"wpforms-628-field_3-container\" class=\"wpforms-field wpforms-field-number\" data-field-id=\"3\"><label class=\"wpforms-field-label\" for=\"wpforms-628-field_3\">Telefonnummer<\/label><input type=\"number\" id=\"wpforms-628-field_3\" class=\"wpforms-field-medium\" name=\"wpforms[fields][3]\" step=\"any\" aria-errormessage=\"wpforms-628-field_3-error\" ><\/div><div id=\"wpforms-628-field_2-container\" class=\"wpforms-field wpforms-field-textarea\" data-field-id=\"2\"><label class=\"wpforms-field-label\" for=\"wpforms-628-field_2\">Kommentar oder Nachricht<\/label><textarea id=\"wpforms-628-field_2\" class=\"wpforms-field-medium\" name=\"wpforms[fields][2]\" aria-errormessage=\"wpforms-628-field_2-error\" ><\/textarea><\/div><div id=\"wpforms-628-field_4-container\" class=\"wpforms-field wpforms-field-checkbox\" data-field-id=\"4\"><fieldset><legend class=\"wpforms-field-label\"> <span class=\"wpforms-required-label\" aria-hidden=\"true\">*<\/span><\/legend><ul id=\"wpforms-628-field_4\" class=\"wpforms-field-required\"><li class=\"choice-1 depth-1\"><input type=\"checkbox\" id=\"wpforms-628-field_4_1\" name=\"wpforms[fields][4][]\" value=\"Ich stimme zu, dass meine Angaben aus dem Kontaktformular zur Beantwortung meiner Anfrage erhoben und verarbeitet werden. Die Daten werden ausschlie\u00dflich zu diesem Zweck genutzt. Detaillierte Informationen zum Umgang mit Nutzerdaten und M\u00f6glichkeiten des Widerrufs finden Sie in unserer Datenschutzerkl\u00e4rung. *\" aria-errormessage=\"wpforms-628-field_4_1-error\" required ><label class=\"wpforms-field-label-inline\" for=\"wpforms-628-field_4_1\">Ich stimme zu, dass meine Angaben aus dem Kontaktformular zur Beantwortung meiner Anfrage erhoben und verarbeitet werden. Die Daten werden ausschlie\u00dflich zu diesem Zweck genutzt. Detaillierte Informationen zum Umgang mit Nutzerdaten und M\u00f6glichkeiten des Widerrufs finden Sie in unserer Datenschutzerkl\u00e4rung. *<\/label><\/li><\/ul><\/fieldset><\/div><\/div><!-- .wpforms-field-container --><div class=\"wpforms-recaptcha-container wpforms-is-hcaptcha\" ><div class=\"g-recaptcha\" data-sitekey=\"9300a4ae-0d1a-47b0-9d1e-7100d98a5ffa\"><\/div><input type=\"text\" name=\"g-recaptcha-hidden\" class=\"wpforms-recaptcha-hidden\" style=\"position:absolute!important;clip:rect(0,0,0,0)!important;height:1px!important;width:1px!important;border:0!important;overflow:hidden!important;padding:0!important;margin:0!important;\" data-rule-hcaptcha=\"1\"><\/div><div class=\"wpforms-submit-container\" ><input type=\"hidden\" name=\"wpforms[id]\" value=\"628\"><input type=\"hidden\" name=\"page_title\" value=\"\"><input type=\"hidden\" name=\"page_url\" value=\"https:\/\/www.antrobotics.de\/index.php?rest_route=\/wp\/v2\/pages\/4910\"><input type=\"hidden\" name=\"url_referer\" value=\"\"><button type=\"submit\" name=\"wpforms[submit]\" id=\"wpforms-submit-628\" class=\"wpforms-submit\" data-alt-text=\"Senden\u2026\" data-submit-text=\"Absenden\" aria-live=\"assertive\" value=\"wpforms-submit\">Absenden<\/button><img decoding=\"async\" src=\"https:\/\/www.antrobotics.de\/wp-content\/plugins\/wpforms-lite\/assets\/images\/submit-spin.svg\" class=\"wpforms-submit-spinner\" style=\"display: none;\" width=\"26\" height=\"26\" alt=\"Wird geladen\"><\/div><\/form><\/div>  <!-- .wpforms-container --><\/div>\n\t\t\t\t\t\t<\/div>\n\t\t\t\t<\/div>\n\t\t\t\t\t<\/div>\n\t\t<\/div>\n\t\t\t\t\t<\/div>\n\t\t<\/section>\n\t\t\t\t<\/div>\n\t\t","protected":false},"excerpt":{"rendered":"<p>Fields | Tunnels | Row Crops PRODUCT OVERVIEW This page is currently being revised If you have any questions or would like to get in touch in the meantime, you can reach us by phone at +49 4174 6099 888, by email at info@antrobotics.de or use our contact form. Contact Form<\/p>\n","protected":false},"author":6,"featured_media":0,"parent":4912,"menu_order":0,"comment_status":"closed","ping_status":"closed","template":"elementor_header_footer","meta":{"_monsterinsights_skip_tracking":false,"_monsterinsights_sitenote_active":false,"_monsterinsights_sitenote_note":"","_monsterinsights_sitenote_category":0,"site-sidebar-layout":"default","site-content-layout":"","ast-site-content-layout":"default","site-content-style":"default","site-sidebar-style":"default","ast-global-header-display":"","ast-banner-title-visibility":"","ast-main-header-display":"","ast-hfb-above-header-display":"","ast-hfb-below-header-display":"","ast-hfb-mobile-header-display":"","site-post-title":"","ast-breadcrumbs-content":"","ast-featured-img":"","footer-sml-layout":"","theme-transparent-header-meta":"","adv-header-id-meta":"","stick-header-meta":"","header-above-stick-meta":"","header-main-stick-meta":"","header-below-stick-meta":"","astra-migrate-meta-layouts":"default","ast-page-background-enabled":"default","ast-page-background-meta":{"desktop":{"background-color":"var(--ast-global-color-4)","background-image":"","background-repeat":"repeat","background-position":"center center","background-size":"auto","background-attachment":"scroll","background-type":"","background-media":"","overlay-type":"","overlay-color":"","overlay-opacity":"","overlay-gradient":""},"tablet":{"background-color":"","background-image":"","background-repeat":"repeat","background-position":"center center","background-size":"auto","background-attachment":"scroll","background-type":"","background-media":"","overlay-type":"","overlay-color":"","overlay-opacity":"","overlay-gradient":""},"mobile":{"background-color":"","background-image":"","background-repeat":"repeat","background-position":"center center","background-size":"auto","background-attachment":"scroll","background-type":"","background-media":"","overlay-type":"","overlay-color":"","overlay-opacity":"","overlay-gradient":""}},"ast-content-background-meta":{"desktop":{"background-color":"var(--ast-global-color-5)","background-image":"","background-repeat":"repeat","background-position":"center center","background-size":"auto","background-attachment":"scroll","background-type":"","background-media":"","overlay-type":"","overlay-color":"","overlay-opacity":"","overlay-gradient":""},"tablet":{"background-color":"var(--ast-global-color-5)","background-image":"","background-repeat":"repeat","background-position":"center center","background-size":"auto","background-attachment":"scroll","background-type":"","background-media":"","overlay-type":"","overlay-color":"","overlay-opacity":"","overlay-gradient":""},"mobile":{"background-color":"var(--ast-global-color-5)","background-image":"","background-repeat":"repeat","background-position":"center center","background-size":"auto","background-attachment":"scroll","background-type":"","background-media":"","overlay-type":"","overlay-color":"","overlay-opacity":"","overlay-gradient":""}},"footnotes":""},"class_list":["post-4910","page","type-page","status-publish","hentry"],"yoast_head":"<!-- This site is optimized with the Yoast SEO plugin v25.8 - https:\/\/yoast.com\/wordpress\/plugins\/seo\/ -->\n<title>Fields \/ Tunnels \/ Row Crops -<\/title>\n<meta name=\"robots\" content=\"index, follow, max-snippet:-1, max-image-preview:large, max-video-preview:-1\" \/>\n<link rel=\"canonical\" href=\"https:\/\/www.antrobotics.de\/?page_id=4910\" \/>\n<meta property=\"og:locale\" content=\"de_DE\" \/>\n<meta property=\"og:type\" content=\"article\" \/>\n<meta property=\"og:title\" content=\"Fields \/ Tunnels \/ Row Crops -\" \/>\n<meta property=\"og:description\" content=\"Fields | Tunnels | Row Crops PRODUCT OVERVIEW This page is currently being revised If you have any questions or would like to get in touch in the meantime, you can reach us by phone at +49 4174 6099 888, by email at info@antrobotics.de or use our contact form. Contact Form\" \/>\n<meta property=\"og:url\" content=\"https:\/\/www.antrobotics.de\/?page_id=4910&amp;lang=en\" \/>\n<meta property=\"article:modified_time\" content=\"2025-08-26T13:40:59+00:00\" \/>\n<meta property=\"og:image\" content=\"https:\/\/www.antrobotics.de\/wp-content\/uploads\/2025\/08\/Check-back-soon.png\" \/>\n\t<meta property=\"og:image:width\" content=\"1024\" \/>\n\t<meta property=\"og:image:height\" content=\"858\" \/>\n\t<meta property=\"og:image:type\" content=\"image\/png\" \/>\n<meta name=\"twitter:card\" content=\"summary_large_image\" \/>\n<script type=\"application\/ld+json\" class=\"yoast-schema-graph\">{\"@context\":\"https:\/\/schema.org\",\"@graph\":[{\"@type\":\"WebPage\",\"@id\":\"https:\/\/www.antrobotics.de\/?page_id=4910&lang=en\",\"url\":\"https:\/\/www.antrobotics.de\/?page_id=4910&lang=en\",\"name\":\"Fields \/ Tunnels \/ Row Crops -\",\"isPartOf\":{\"@id\":\"https:\/\/www.antrobotics.de\/#website\"},\"primaryImageOfPage\":{\"@id\":\"https:\/\/www.antrobotics.de\/?page_id=4910&lang=en#primaryimage\"},\"image\":{\"@id\":\"https:\/\/www.antrobotics.de\/?page_id=4910&lang=en#primaryimage\"},\"thumbnailUrl\":\"https:\/\/www.antrobotics.de\/wp-content\/uploads\/2025\/08\/Check-back-soon.png\",\"datePublished\":\"2025-07-24T13:13:50+00:00\",\"dateModified\":\"2025-08-26T13:40:59+00:00\",\"breadcrumb\":{\"@id\":\"https:\/\/www.antrobotics.de\/?page_id=4910&lang=en#breadcrumb\"},\"inLanguage\":\"de\",\"potentialAction\":[{\"@type\":\"ReadAction\",\"target\":[\"https:\/\/www.antrobotics.de\/?page_id=4910&lang=en\"]}]},{\"@type\":\"ImageObject\",\"inLanguage\":\"de\",\"@id\":\"https:\/\/www.antrobotics.de\/?page_id=4910&lang=en#primaryimage\",\"url\":\"https:\/\/www.antrobotics.de\/wp-content\/uploads\/2025\/08\/Check-back-soon.png\",\"contentUrl\":\"https:\/\/www.antrobotics.de\/wp-content\/uploads\/2025\/08\/Check-back-soon.png\",\"width\":1880,\"height\":1576},{\"@type\":\"BreadcrumbList\",\"@id\":\"https:\/\/www.antrobotics.de\/?page_id=4910&lang=en#breadcrumb\",\"itemListElement\":[{\"@type\":\"ListItem\",\"position\":1,\"name\":\"Home\",\"item\":\"https:\/\/www.antrobotics.de\/\"},{\"@type\":\"ListItem\",\"position\":2,\"name\":\"HOME\",\"item\":\"https:\/\/www.antrobotics.de\/\"},{\"@type\":\"ListItem\",\"position\":3,\"name\":\"Products Applications\",\"item\":\"https:\/\/www.antrobotics.de\/?page_id=4912\"},{\"@type\":\"ListItem\",\"position\":4,\"name\":\"Fields \/ Tunnels \/ Row Crops\"}]},{\"@type\":\"WebSite\",\"@id\":\"https:\/\/www.antrobotics.de\/#website\",\"url\":\"https:\/\/www.antrobotics.de\/\",\"name\":\"\",\"description\":\"https:\/\/www.antrobotics.de\/\",\"potentialAction\":[{\"@type\":\"SearchAction\",\"target\":{\"@type\":\"EntryPoint\",\"urlTemplate\":\"https:\/\/www.antrobotics.de\/?s={search_term_string}\"},\"query-input\":{\"@type\":\"PropertyValueSpecification\",\"valueRequired\":true,\"valueName\":\"search_term_string\"}}],\"inLanguage\":\"de\"}]}<\/script>\n<!-- \/ Yoast SEO plugin. -->","yoast_head_json":{"title":"Fields \/ Tunnels \/ Row Crops -","robots":{"index":"index","follow":"follow","max-snippet":"max-snippet:-1","max-image-preview":"max-image-preview:large","max-video-preview":"max-video-preview:-1"},"canonical":"https:\/\/www.antrobotics.de\/?page_id=4910","og_locale":"de_DE","og_type":"article","og_title":"Fields \/ Tunnels \/ Row Crops -","og_description":"Fields | Tunnels | Row Crops PRODUCT OVERVIEW This page is currently being revised If you have any questions or would like to get in touch in the meantime, you can reach us by phone at +49 4174 6099 888, by email at info@antrobotics.de or use our contact form. Contact Form","og_url":"https:\/\/www.antrobotics.de\/?page_id=4910&lang=en","article_modified_time":"2025-08-26T13:40:59+00:00","og_image":[{"url":"https:\/\/www.antrobotics.de\/wp-content\/uploads\/2025\/08\/Check-back-soon.png","width":1024,"height":858,"type":"image\/png"}],"twitter_card":"summary_large_image","schema":{"@context":"https:\/\/schema.org","@graph":[{"@type":"WebPage","@id":"https:\/\/www.antrobotics.de\/?page_id=4910&lang=en","url":"https:\/\/www.antrobotics.de\/?page_id=4910&lang=en","name":"Fields \/ Tunnels \/ Row Crops -","isPartOf":{"@id":"https:\/\/www.antrobotics.de\/#website"},"primaryImageOfPage":{"@id":"https:\/\/www.antrobotics.de\/?page_id=4910&lang=en#primaryimage"},"image":{"@id":"https:\/\/www.antrobotics.de\/?page_id=4910&lang=en#primaryimage"},"thumbnailUrl":"https:\/\/www.antrobotics.de\/wp-content\/uploads\/2025\/08\/Check-back-soon.png","datePublished":"2025-07-24T13:13:50+00:00","dateModified":"2025-08-26T13:40:59+00:00","breadcrumb":{"@id":"https:\/\/www.antrobotics.de\/?page_id=4910&lang=en#breadcrumb"},"inLanguage":"de","potentialAction":[{"@type":"ReadAction","target":["https:\/\/www.antrobotics.de\/?page_id=4910&lang=en"]}]},{"@type":"ImageObject","inLanguage":"de","@id":"https:\/\/www.antrobotics.de\/?page_id=4910&lang=en#primaryimage","url":"https:\/\/www.antrobotics.de\/wp-content\/uploads\/2025\/08\/Check-back-soon.png","contentUrl":"https:\/\/www.antrobotics.de\/wp-content\/uploads\/2025\/08\/Check-back-soon.png","width":1880,"height":1576},{"@type":"BreadcrumbList","@id":"https:\/\/www.antrobotics.de\/?page_id=4910&lang=en#breadcrumb","itemListElement":[{"@type":"ListItem","position":1,"name":"Home","item":"https:\/\/www.antrobotics.de\/"},{"@type":"ListItem","position":2,"name":"HOME","item":"https:\/\/www.antrobotics.de\/"},{"@type":"ListItem","position":3,"name":"Products Applications","item":"https:\/\/www.antrobotics.de\/?page_id=4912"},{"@type":"ListItem","position":4,"name":"Fields \/ Tunnels \/ Row Crops"}]},{"@type":"WebSite","@id":"https:\/\/www.antrobotics.de\/#website","url":"https:\/\/www.antrobotics.de\/","name":"","description":"https:\/\/www.antrobotics.de\/","potentialAction":[{"@type":"SearchAction","target":{"@type":"EntryPoint","urlTemplate":"https:\/\/www.antrobotics.de\/?s={search_term_string}"},"query-input":{"@type":"PropertyValueSpecification","valueRequired":true,"valueName":"search_term_string"}}],"inLanguage":"de"}]}},"jetpack_sharing_enabled":true,"_links":{"self":[{"href":"https:\/\/www.antrobotics.de\/index.php?rest_route=\/wp\/v2\/pages\/4910","targetHints":{"allow":["GET"]}}],"collection":[{"href":"https:\/\/www.antrobotics.de\/index.php?rest_route=\/wp\/v2\/pages"}],"about":[{"href":"https:\/\/www.antrobotics.de\/index.php?rest_route=\/wp\/v2\/types\/page"}],"author":[{"embeddable":true,"href":"https:\/\/www.antrobotics.de\/index.php?rest_route=\/wp\/v2\/users\/6"}],"replies":[{"embeddable":true,"href":"https:\/\/www.antrobotics.de\/index.php?rest_route=%2Fwp%2Fv2%2Fcomments&post=4910"}],"version-history":[{"count":4,"href":"https:\/\/www.antrobotics.de\/index.php?rest_route=\/wp\/v2\/pages\/4910\/revisions"}],"predecessor-version":[{"id":5348,"href":"https:\/\/www.antrobotics.de\/index.php?rest_route=\/wp\/v2\/pages\/4910\/revisions\/5348"}],"up":[{"embeddable":true,"href":"https:\/\/www.antrobotics.de\/index.php?rest_route=\/wp\/v2\/pages\/4912"}],"wp:attachment":[{"href":"https:\/\/www.antrobotics.de\/index.php?rest_route=%2Fwp%2Fv2%2Fmedia&parent=4910"}],"curies":[{"name":"wp","href":"https:\/\/api.w.org\/{rel}","templated":true}]}}