{"id":4239,"date":"2025-07-24T17:11:29","date_gmt":"2025-07-24T15:11:29","guid":{"rendered":"https:\/\/www.antrobotics.de\/?page_id=4239"},"modified":"2025-11-26T17:54:09","modified_gmt":"2025-11-26T16:54:09","slug":"vertriebspartner","status":"publish","type":"page","link":"https:\/\/www.antrobotics.de\/?page_id=4239","title":{"rendered":"Vertrieb"},"content":{"rendered":"\t\t<div data-elementor-type=\"wp-page\" data-elementor-id=\"4239\" class=\"elementor elementor-4239\" data-elementor-post-type=\"page\">\n\t\t\t\t\t\t<section class=\"has_eae_slider elementor-section elementor-top-section elementor-element elementor-element-dfffd2a elementor-section-height-min-height elementor-section-boxed elementor-section-height-default elementor-section-items-middle\" data-eae-slider=\"76884\" data-id=\"dfffd2a\" data-element_type=\"section\" data-settings=\"{&quot;background_background&quot;:&quot;classic&quot;}\">\n\t\t\t\t\t\t\t<div class=\"elementor-background-overlay\"><\/div>\n\t\t\t\t\t\t\t<div class=\"elementor-container elementor-column-gap-no\">\n\t\t\t\t\t<div class=\"has_eae_slider elementor-column elementor-col-100 elementor-top-column elementor-element elementor-element-902ba96\" data-eae-slider=\"11315\" data-id=\"902ba96\" data-element_type=\"column\">\n\t\t\t<div class=\"elementor-widget-wrap elementor-element-populated\">\n\t\t\t\t\t\t<div class=\"elementor-element elementor-element-f7f5c1d elementor-widget elementor-widget-heading\" data-id=\"f7f5c1d\" data-element_type=\"widget\" data-widget_type=\"heading.default\">\n\t\t\t\t<div class=\"elementor-widget-container\">\n\t\t\t\t\t<h2 class=\"elementor-heading-title elementor-size-default\">VERTRIEB<\/h2>\t\t\t\t<\/div>\n\t\t\t\t<\/div>\n\t\t\t\t\t<\/div>\n\t\t<\/div>\n\t\t\t\t\t<\/div>\n\t\t<\/section>\n\t\t\t\t<section class=\"has_eae_slider elementor-section elementor-top-section elementor-element elementor-element-52014af elementor-section-boxed elementor-section-height-default elementor-section-height-default\" data-eae-slider=\"29358\" data-id=\"52014af\" data-element_type=\"section\" data-settings=\"{&quot;background_background&quot;:&quot;classic&quot;}\">\n\t\t\t\t\t\t<div class=\"elementor-container elementor-column-gap-no\">\n\t\t\t\t\t<div class=\"has_eae_slider elementor-column elementor-col-100 elementor-top-column elementor-element elementor-element-ee64adf\" data-eae-slider=\"12026\" data-id=\"ee64adf\" data-element_type=\"column\">\n\t\t\t<div class=\"elementor-widget-wrap elementor-element-populated\">\n\t\t\t\t\t\t<section class=\"has_eae_slider elementor-section elementor-inner-section elementor-element elementor-element-d164883 elementor-section-boxed elementor-section-height-default elementor-section-height-default\" data-eae-slider=\"51511\" data-id=\"d164883\" data-element_type=\"section\">\n\t\t\t\t\t\t<div class=\"elementor-container elementor-column-gap-no\">\n\t\t\t\t\t<div class=\"has_eae_slider elementor-column elementor-col-100 elementor-inner-column elementor-element elementor-element-99b4c7e\" data-eae-slider=\"26645\" data-id=\"99b4c7e\" data-element_type=\"column\">\n\t\t\t<div class=\"elementor-widget-wrap elementor-element-populated\">\n\t\t\t\t\t\t<div class=\"elementor-element elementor-element-ae530e7 elementor-widget__width-initial elementor-widget elementor-widget-heading\" data-id=\"ae530e7\" data-element_type=\"widget\" data-widget_type=\"heading.default\">\n\t\t\t\t<div class=\"elementor-widget-container\">\n\t\t\t\t\t<h2 class=\"elementor-heading-title elementor-size-default\">Werden Sie ein Teil der modernen und zuk\u00fcnftigen Landwirtschaft mit Ant Robotics!\u200b<\/h2>\t\t\t\t<\/div>\n\t\t\t\t<\/div>\n\t\t\t\t\t<\/div>\n\t\t<\/div>\n\t\t\t\t\t<\/div>\n\t\t<\/section>\n\t\t\t\t<div class=\"elementor-element elementor-element-cb938d1 elementor-widget elementor-widget-text-editor\" data-id=\"cb938d1\" data-element_type=\"widget\" data-widget_type=\"text-editor.default\">\n\t\t\t\t<div class=\"elementor-widget-container\">\n\t\t\t\t\t\t\t\t\t<p>Sie suchen nach einem starken Partner mit zukunftsweisenden Produkten, die einen echten Mehrwert bieten? Ant Robotics steht f\u00fcr <b>individuelle Beratung, pr\u00e4zise Entwicklung und zuverl\u00e4ssigen Vor-Ort-Service<\/b>. Mit uns an Ihrer Seite k\u00f6nnen Sie Ihren Kunden nicht nur Produkte, sondern ganzheitliche L\u00f6sungen anbieten, die ihre Herausforderungen meistern und ihren Erfolg sichern.<\/p><p>Als <b>Vertriebspartner von Ant Robotics<\/b> erhalten Sie die einmalige Chance, aktiv an der Gestaltung der modernen Landwirtschaft mitzuwirken. Wir entwickeln innovative, ma\u00dfgeschneiderte Technologiel\u00f6sungen, die Effizienz und Nachhaltigkeit auf landwirtschaftlichen Betrieben revolutionieren.<\/p>\t\t\t\t\t\t\t\t<\/div>\n\t\t\t\t<\/div>\n\t\t\t\t<div class=\"elementor-element elementor-element-689b92d elementor-widget elementor-widget-text-editor\" data-id=\"689b92d\" data-element_type=\"widget\" data-widget_type=\"text-editor.default\">\n\t\t\t\t<div class=\"elementor-widget-container\">\n\t\t\t\t\t\t\t\t\t<p><strong>Ant Robotics<\/strong> \u2013 Ihr Partner f\u00fcr zukunftsweisende Agrartechnologie.<\/p>\t\t\t\t\t\t\t\t<\/div>\n\t\t\t\t<\/div>\n\t\t\t\t\t<\/div>\n\t\t<\/div>\n\t\t\t\t\t<\/div>\n\t\t<\/section>\n\t\t\t\t<section class=\"has_eae_slider elementor-section elementor-top-section elementor-element elementor-element-73ecf97 elementor-section-boxed elementor-section-height-default elementor-section-height-default\" data-eae-slider=\"64535\" data-id=\"73ecf97\" data-element_type=\"section\">\n\t\t\t\t\t\t<div class=\"elementor-container elementor-column-gap-default\">\n\t\t\t\t\t<div class=\"has_eae_slider elementor-column elementor-col-100 elementor-top-column elementor-element elementor-element-40ad1fb\" data-eae-slider=\"95623\" data-id=\"40ad1fb\" data-element_type=\"column\">\n\t\t\t<div class=\"elementor-widget-wrap elementor-element-populated\">\n\t\t\t\t\t\t<div class=\"elementor-element elementor-element-f57d30a elementor-widget elementor-widget-heading\" data-id=\"f57d30a\" data-element_type=\"widget\" data-widget_type=\"heading.default\">\n\t\t\t\t<div class=\"elementor-widget-container\">\n\t\t\t\t\t<h2 class=\"elementor-heading-title elementor-size-default\">Aktuelle Vertriebspartner<\/h2>\t\t\t\t<\/div>\n\t\t\t\t<\/div>\n\t\t\t\t<section class=\"has_eae_slider elementor-section elementor-inner-section elementor-element elementor-element-f3a8a2a elementor-section-boxed elementor-section-height-default elementor-section-height-default\" data-eae-slider=\"62993\" data-id=\"f3a8a2a\" data-element_type=\"section\">\n\t\t\t\t\t\t<div class=\"elementor-container elementor-column-gap-default\">\n\t\t\t\t\t<div class=\"has_eae_slider elementor-column elementor-col-50 elementor-inner-column elementor-element elementor-element-7185e57\" data-eae-slider=\"26307\" data-id=\"7185e57\" data-element_type=\"column\">\n\t\t\t<div class=\"elementor-widget-wrap elementor-element-populated\">\n\t\t\t\t\t\t<div class=\"elementor-element elementor-element-edd47f2 elementor-widget elementor-widget-image\" data-id=\"edd47f2\" data-element_type=\"widget\" data-widget_type=\"image.default\">\n\t\t\t\t<div class=\"elementor-widget-container\">\n\t\t\t\t\t\t\t\t\t\t\t\t\t\t\t<img fetchpriority=\"high\" decoding=\"async\" width=\"500\" height=\"553\" src=\"https:\/\/www.antrobotics.de\/wp-content\/uploads\/2025\/11\/Croptiq.jpeg\" class=\"attachment-large size-large wp-image-5657\" alt=\"\" \/>\t\t\t\t\t\t\t\t\t\t\t\t\t\t\t<\/div>\n\t\t\t\t<\/div>\n\t\t\t\t<div class=\"elementor-element elementor-element-ac543d0 elementor-widget elementor-widget-heading\" data-id=\"ac543d0\" data-element_type=\"widget\" data-widget_type=\"heading.default\">\n\t\t\t\t<div class=\"elementor-widget-container\">\n\t\t\t\t\t<h4 class=\"elementor-heading-title elementor-size-default\">Croptiq<\/h4>\t\t\t\t<\/div>\n\t\t\t\t<\/div>\n\t\t\t\t\t<\/div>\n\t\t<\/div>\n\t\t\t\t<div class=\"has_eae_slider elementor-column elementor-col-50 elementor-inner-column elementor-element elementor-element-2b65ca8\" data-eae-slider=\"57083\" data-id=\"2b65ca8\" data-element_type=\"column\">\n\t\t\t<div class=\"elementor-widget-wrap elementor-element-populated\">\n\t\t\t\t\t\t<div class=\"elementor-element elementor-element-97e7b17 elementor-widget elementor-widget-image\" data-id=\"97e7b17\" data-element_type=\"widget\" data-widget_type=\"image.default\">\n\t\t\t\t<div class=\"elementor-widget-container\">\n\t\t\t\t\t\t\t\t\t\t\t\t\t\t\t<img decoding=\"async\" width=\"500\" height=\"553\" src=\"https:\/\/www.antrobotics.de\/wp-content\/uploads\/2024\/07\/RWZ_Logo_fg_300px_150dpi-1.jpg\" class=\"attachment-2048x2048 size-2048x2048 wp-image-3847\" alt=\"\" srcset=\"https:\/\/www.antrobotics.de\/wp-content\/uploads\/2024\/07\/RWZ_Logo_fg_300px_150dpi-1.jpg 500w, https:\/\/www.antrobotics.de\/wp-content\/uploads\/2024\/07\/RWZ_Logo_fg_300px_150dpi-1-271x300.jpg 271w\" sizes=\"(max-width: 500px) 100vw, 500px\" \/>\t\t\t\t\t\t\t\t\t\t\t\t\t\t\t<\/div>\n\t\t\t\t<\/div>\n\t\t\t\t<div class=\"elementor-element elementor-element-037046f elementor-widget elementor-widget-heading\" data-id=\"037046f\" data-element_type=\"widget\" data-widget_type=\"heading.default\">\n\t\t\t\t<div class=\"elementor-widget-container\">\n\t\t\t\t\t<h4 class=\"elementor-heading-title elementor-size-default\">Raiffeisen<\/h4>\t\t\t\t<\/div>\n\t\t\t\t<\/div>\n\t\t\t\t\t<\/div>\n\t\t<\/div>\n\t\t\t\t\t<\/div>\n\t\t<\/section>\n\t\t\t\t\t<\/div>\n\t\t<\/div>\n\t\t\t\t\t<\/div>\n\t\t<\/section>\n\t\t\t\t<\/div>\n\t\t","protected":false},"excerpt":{"rendered":"<p>VERTRIEB Werden Sie ein Teil der modernen und zuk\u00fcnftigen Landwirtschaft mit Ant Robotics!\u200b Sie suchen nach einem starken Partner mit zukunftsweisenden Produkten, die einen echten Mehrwert bieten? Ant Robotics steht f\u00fcr individuelle Beratung, pr\u00e4zise Entwicklung und zuverl\u00e4ssigen Vor-Ort-Service. Mit uns an Ihrer Seite k\u00f6nnen Sie Ihren Kunden nicht nur Produkte, sondern ganzheitliche L\u00f6sungen anbieten, die [&hellip;]<\/p>\n","protected":false},"author":6,"featured_media":0,"parent":4579,"menu_order":0,"comment_status":"closed","ping_status":"closed","template":"elementor_header_footer","meta":{"_monsterinsights_skip_tracking":false,"_monsterinsights_sitenote_active":false,"_monsterinsights_sitenote_note":"","_monsterinsights_sitenote_category":0,"site-sidebar-layout":"default","site-content-layout":"","ast-site-content-layout":"default","site-content-style":"default","site-sidebar-style":"default","ast-global-header-display":"","ast-banner-title-visibility":"","ast-main-header-display":"","ast-hfb-above-header-display":"","ast-hfb-below-header-display":"","ast-hfb-mobile-header-display":"","site-post-title":"","ast-breadcrumbs-content":"","ast-featured-img":"","footer-sml-layout":"","theme-transparent-header-meta":"","adv-header-id-meta":"","stick-header-meta":"","header-above-stick-meta":"","header-main-stick-meta":"","header-below-stick-meta":"","astra-migrate-meta-layouts":"default","ast-page-background-enabled":"default","ast-page-background-meta":{"desktop":{"background-color":"var(--ast-global-color-4)","background-image":"","background-repeat":"repeat","background-position":"center center","background-size":"auto","background-attachment":"scroll","background-type":"","background-media":"","overlay-type":"","overlay-color":"","overlay-opacity":"","overlay-gradient":""},"tablet":{"background-color":"","background-image":"","background-repeat":"repeat","background-position":"center center","background-size":"auto","background-attachment":"scroll","background-type":"","background-media":"","overlay-type":"","overlay-color":"","overlay-opacity":"","overlay-gradient":""},"mobile":{"background-color":"","background-image":"","background-repeat":"repeat","background-position":"center center","background-size":"auto","background-attachment":"scroll","background-type":"","background-media":"","overlay-type":"","overlay-color":"","overlay-opacity":"","overlay-gradient":""}},"ast-content-background-meta":{"desktop":{"background-color":"var(--ast-global-color-5)","background-image":"","background-repeat":"repeat","background-position":"center center","background-size":"auto","background-attachment":"scroll","background-type":"","background-media":"","overlay-type":"","overlay-color":"","overlay-opacity":"","overlay-gradient":""},"tablet":{"background-color":"var(--ast-global-color-5)","background-image":"","background-repeat":"repeat","background-position":"center center","background-size":"auto","background-attachment":"scroll","background-type":"","background-media":"","overlay-type":"","overlay-color":"","overlay-opacity":"","overlay-gradient":""},"mobile":{"background-color":"var(--ast-global-color-5)","background-image":"","background-repeat":"repeat","background-position":"center center","background-size":"auto","background-attachment":"scroll","background-type":"","background-media":"","overlay-type":"","overlay-color":"","overlay-opacity":"","overlay-gradient":""}},"footnotes":""},"class_list":["post-4239","page","type-page","status-publish","hentry"],"yoast_head":"<!-- This site is optimized with the Yoast SEO plugin v25.8 - https:\/\/yoast.com\/wordpress\/plugins\/seo\/ -->\n<title>Vertrieb -<\/title>\n<meta name=\"robots\" content=\"index, follow, max-snippet:-1, max-image-preview:large, max-video-preview:-1\" \/>\n<link rel=\"canonical\" href=\"https:\/\/www.antrobotics.de\/?page_id=4239\" \/>\n<meta property=\"og:locale\" content=\"de_DE\" \/>\n<meta property=\"og:type\" content=\"article\" \/>\n<meta property=\"og:title\" content=\"Vertrieb -\" \/>\n<meta property=\"og:description\" content=\"VERTRIEB Werden Sie ein Teil der modernen und zuk\u00fcnftigen Landwirtschaft mit Ant Robotics!\u200b Sie suchen nach einem starken Partner mit zukunftsweisenden Produkten, die einen echten Mehrwert bieten? Ant Robotics steht f\u00fcr individuelle Beratung, pr\u00e4zise Entwicklung und zuverl\u00e4ssigen Vor-Ort-Service. Mit uns an Ihrer Seite k\u00f6nnen Sie Ihren Kunden nicht nur Produkte, sondern ganzheitliche L\u00f6sungen anbieten, die [&hellip;]\" \/>\n<meta property=\"og:url\" content=\"https:\/\/www.antrobotics.de\/?page_id=4239\" \/>\n<meta property=\"article:modified_time\" content=\"2025-11-26T16:54:09+00:00\" \/>\n<meta property=\"og:image\" content=\"https:\/\/www.antrobotics.de\/wp-content\/uploads\/2025\/11\/Croptiq.jpeg\" \/>\n\t<meta property=\"og:image:width\" content=\"500\" \/>\n\t<meta property=\"og:image:height\" content=\"553\" \/>\n\t<meta property=\"og:image:type\" content=\"image\/jpeg\" \/>\n<meta name=\"twitter:card\" content=\"summary_large_image\" \/>\n<meta name=\"twitter:label1\" content=\"Gesch\u00e4tzte Lesezeit\" \/>\n\t<meta name=\"twitter:data1\" content=\"1\u00a0Minute\" \/>\n<script type=\"application\/ld+json\" class=\"yoast-schema-graph\">{\"@context\":\"https:\/\/schema.org\",\"@graph\":[{\"@type\":\"WebPage\",\"@id\":\"https:\/\/www.antrobotics.de\/?page_id=4239\",\"url\":\"https:\/\/www.antrobotics.de\/?page_id=4239\",\"name\":\"Vertrieb -\",\"isPartOf\":{\"@id\":\"https:\/\/www.antrobotics.de\/#website\"},\"primaryImageOfPage\":{\"@id\":\"https:\/\/www.antrobotics.de\/?page_id=4239#primaryimage\"},\"image\":{\"@id\":\"https:\/\/www.antrobotics.de\/?page_id=4239#primaryimage\"},\"thumbnailUrl\":\"https:\/\/www.antrobotics.de\/wp-content\/uploads\/2025\/11\/Croptiq.jpeg\",\"datePublished\":\"2025-07-24T15:11:29+00:00\",\"dateModified\":\"2025-11-26T16:54:09+00:00\",\"breadcrumb\":{\"@id\":\"https:\/\/www.antrobotics.de\/?page_id=4239#breadcrumb\"},\"inLanguage\":\"de\",\"potentialAction\":[{\"@type\":\"ReadAction\",\"target\":[\"https:\/\/www.antrobotics.de\/?page_id=4239\"]}]},{\"@type\":\"ImageObject\",\"inLanguage\":\"de\",\"@id\":\"https:\/\/www.antrobotics.de\/?page_id=4239#primaryimage\",\"url\":\"https:\/\/www.antrobotics.de\/wp-content\/uploads\/2025\/11\/Croptiq.jpeg\",\"contentUrl\":\"https:\/\/www.antrobotics.de\/wp-content\/uploads\/2025\/11\/Croptiq.jpeg\",\"width\":500,\"height\":553},{\"@type\":\"BreadcrumbList\",\"@id\":\"https:\/\/www.antrobotics.de\/?page_id=4239#breadcrumb\",\"itemListElement\":[{\"@type\":\"ListItem\",\"position\":1,\"name\":\"Home\",\"item\":\"https:\/\/www.antrobotics.de\/\"},{\"@type\":\"ListItem\",\"position\":2,\"name\":\"STARTSEITE\",\"item\":\"https:\/\/www.antrobotics.de\/\"},{\"@type\":\"ListItem\",\"position\":3,\"name\":\"Vertrieb\"}]},{\"@type\":\"WebSite\",\"@id\":\"https:\/\/www.antrobotics.de\/#website\",\"url\":\"https:\/\/www.antrobotics.de\/\",\"name\":\"\",\"description\":\"https:\/\/www.antrobotics.de\/\",\"potentialAction\":[{\"@type\":\"SearchAction\",\"target\":{\"@type\":\"EntryPoint\",\"urlTemplate\":\"https:\/\/www.antrobotics.de\/?s={search_term_string}\"},\"query-input\":{\"@type\":\"PropertyValueSpecification\",\"valueRequired\":true,\"valueName\":\"search_term_string\"}}],\"inLanguage\":\"de\"}]}<\/script>\n<!-- \/ Yoast SEO plugin. -->","yoast_head_json":{"title":"Vertrieb -","robots":{"index":"index","follow":"follow","max-snippet":"max-snippet:-1","max-image-preview":"max-image-preview:large","max-video-preview":"max-video-preview:-1"},"canonical":"https:\/\/www.antrobotics.de\/?page_id=4239","og_locale":"de_DE","og_type":"article","og_title":"Vertrieb -","og_description":"VERTRIEB Werden Sie ein Teil der modernen und zuk\u00fcnftigen Landwirtschaft mit Ant Robotics!\u200b Sie suchen nach einem starken Partner mit zukunftsweisenden Produkten, die einen echten Mehrwert bieten? Ant Robotics steht f\u00fcr individuelle Beratung, pr\u00e4zise Entwicklung und zuverl\u00e4ssigen Vor-Ort-Service. Mit uns an Ihrer Seite k\u00f6nnen Sie Ihren Kunden nicht nur Produkte, sondern ganzheitliche L\u00f6sungen anbieten, die [&hellip;]","og_url":"https:\/\/www.antrobotics.de\/?page_id=4239","article_modified_time":"2025-11-26T16:54:09+00:00","og_image":[{"width":500,"height":553,"url":"https:\/\/www.antrobotics.de\/wp-content\/uploads\/2025\/11\/Croptiq.jpeg","type":"image\/jpeg"}],"twitter_card":"summary_large_image","twitter_misc":{"Gesch\u00e4tzte Lesezeit":"1\u00a0Minute"},"schema":{"@context":"https:\/\/schema.org","@graph":[{"@type":"WebPage","@id":"https:\/\/www.antrobotics.de\/?page_id=4239","url":"https:\/\/www.antrobotics.de\/?page_id=4239","name":"Vertrieb -","isPartOf":{"@id":"https:\/\/www.antrobotics.de\/#website"},"primaryImageOfPage":{"@id":"https:\/\/www.antrobotics.de\/?page_id=4239#primaryimage"},"image":{"@id":"https:\/\/www.antrobotics.de\/?page_id=4239#primaryimage"},"thumbnailUrl":"https:\/\/www.antrobotics.de\/wp-content\/uploads\/2025\/11\/Croptiq.jpeg","datePublished":"2025-07-24T15:11:29+00:00","dateModified":"2025-11-26T16:54:09+00:00","breadcrumb":{"@id":"https:\/\/www.antrobotics.de\/?page_id=4239#breadcrumb"},"inLanguage":"de","potentialAction":[{"@type":"ReadAction","target":["https:\/\/www.antrobotics.de\/?page_id=4239"]}]},{"@type":"ImageObject","inLanguage":"de","@id":"https:\/\/www.antrobotics.de\/?page_id=4239#primaryimage","url":"https:\/\/www.antrobotics.de\/wp-content\/uploads\/2025\/11\/Croptiq.jpeg","contentUrl":"https:\/\/www.antrobotics.de\/wp-content\/uploads\/2025\/11\/Croptiq.jpeg","width":500,"height":553},{"@type":"BreadcrumbList","@id":"https:\/\/www.antrobotics.de\/?page_id=4239#breadcrumb","itemListElement":[{"@type":"ListItem","position":1,"name":"Home","item":"https:\/\/www.antrobotics.de\/"},{"@type":"ListItem","position":2,"name":"STARTSEITE","item":"https:\/\/www.antrobotics.de\/"},{"@type":"ListItem","position":3,"name":"Vertrieb"}]},{"@type":"WebSite","@id":"https:\/\/www.antrobotics.de\/#website","url":"https:\/\/www.antrobotics.de\/","name":"","description":"https:\/\/www.antrobotics.de\/","potentialAction":[{"@type":"SearchAction","target":{"@type":"EntryPoint","urlTemplate":"https:\/\/www.antrobotics.de\/?s={search_term_string}"},"query-input":{"@type":"PropertyValueSpecification","valueRequired":true,"valueName":"search_term_string"}}],"inLanguage":"de"}]}},"jetpack_sharing_enabled":true,"_links":{"self":[{"href":"https:\/\/www.antrobotics.de\/index.php?rest_route=\/wp\/v2\/pages\/4239","targetHints":{"allow":["GET"]}}],"collection":[{"href":"https:\/\/www.antrobotics.de\/index.php?rest_route=\/wp\/v2\/pages"}],"about":[{"href":"https:\/\/www.antrobotics.de\/index.php?rest_route=\/wp\/v2\/types\/page"}],"author":[{"embeddable":true,"href":"https:\/\/www.antrobotics.de\/index.php?rest_route=\/wp\/v2\/users\/6"}],"replies":[{"embeddable":true,"href":"https:\/\/www.antrobotics.de\/index.php?rest_route=%2Fwp%2Fv2%2Fcomments&post=4239"}],"version-history":[{"count":34,"href":"https:\/\/www.antrobotics.de\/index.php?rest_route=\/wp\/v2\/pages\/4239\/revisions"}],"predecessor-version":[{"id":5670,"href":"https:\/\/www.antrobotics.de\/index.php?rest_route=\/wp\/v2\/pages\/4239\/revisions\/5670"}],"up":[{"embeddable":true,"href":"https:\/\/www.antrobotics.de\/index.php?rest_route=\/wp\/v2\/pages\/4579"}],"wp:attachment":[{"href":"https:\/\/www.antrobotics.de\/index.php?rest_route=%2Fwp%2Fv2%2Fmedia&parent=4239"}],"curies":[{"name":"wp","href":"https:\/\/api.w.org\/{rel}","templated":true}]}}