{"id":2648,"date":"2022-09-13T05:49:52","date_gmt":"2022-09-13T03:49:52","guid":{"rendered":"https:\/\/www.valera.ag\/index.php\/wishlist\/"},"modified":"2025-08-27T14:54:52","modified_gmt":"2025-08-27T12:54:52","slug":"impressum","status":"publish","type":"page","link":"https:\/\/www.antrobotics.de\/?page_id=2648","title":{"rendered":"Impressum"},"content":{"rendered":"\t\t<div data-elementor-type=\"wp-page\" data-elementor-id=\"2648\" class=\"elementor elementor-2648\" data-elementor-post-type=\"page\">\n\t\t\t\t\t\t<section class=\"has_eae_slider elementor-section elementor-top-section elementor-element elementor-element-69eb636 elementor-section-boxed elementor-section-height-default elementor-section-height-default\" data-eae-slider=\"73108\" data-id=\"69eb636\" data-element_type=\"section\">\n\t\t\t\t\t\t<div class=\"elementor-container elementor-column-gap-default\">\n\t\t\t\t\t<div class=\"has_eae_slider elementor-column elementor-col-50 elementor-top-column elementor-element elementor-element-fb684bf\" data-eae-slider=\"30752\" data-id=\"fb684bf\" data-element_type=\"column\">\n\t\t\t<div class=\"elementor-widget-wrap elementor-element-populated\">\n\t\t\t\t\t\t<div class=\"elementor-element elementor-element-039e57a elementor-widget elementor-widget-heading\" data-id=\"039e57a\" data-element_type=\"widget\" data-widget_type=\"heading.default\">\n\t\t\t\t<div class=\"elementor-widget-container\">\n\t\t\t\t\t<h2 class=\"elementor-heading-title elementor-size-default\"><h2>Ant Robotics GmbH<\/h2><\/h2>\t\t\t\t<\/div>\n\t\t\t\t<\/div>\n\t\t\t\t<div class=\"elementor-element elementor-element-4786a1b elementor-widget elementor-widget-text-editor\" data-id=\"4786a1b\" data-element_type=\"widget\" data-widget_type=\"text-editor.default\">\n\t\t\t\t<div class=\"elementor-widget-container\">\n\t\t\t\t\t\t\t\t\t<p style=\"--brlbs-tw-scale-x: 1; --brlbs-tw-scale-y: 1; --brlbs-tw-scroll-snap-strictness: proximity; --brlbs-tw-ring-offset-width: 0px; --brlbs-tw-ring-offset-color: #fff; --brlbs-tw-ring-color: rgba(59,130,246,.5); --brlbs-tw-ring-offset-shadow: 0 0 #0000; --brlbs-tw-ring-shadow: 0 0 #0000; --brlbs-tw-shadow: 0 0 #0000; --brlbs-tw-shadow-colored: 0 0 #0000;\">Adolf-Wagner-Stra\u00dfe 16, 21073, Hamburg<\/p><div>E-Mail: <a href=\"mailto:info@antrobotics.de\">info@antrobotics.de<\/a><\/div><div>Tel: +49 4174 6099 888<\/div><div>\u00a0<\/div><div>Gesch\u00e4ftsf\u00fchrer:\u00a0Sandro Rabbiosi, Philipp Overath<br style=\"--brlbs-tw-scale-x: 1; --brlbs-tw-scale-y: 1; --brlbs-tw-scroll-snap-strictness: proximity; --brlbs-tw-ring-offset-width: 0px; --brlbs-tw-ring-offset-color: #fff; --brlbs-tw-ring-color: rgba(59,130,246,.5); --brlbs-tw-ring-offset-shadow: 0 0 #0000; --brlbs-tw-ring-shadow: 0 0 #0000; --brlbs-tw-shadow: 0 0 #0000; --brlbs-tw-shadow-colored: 0 0 #0000;\" \/>Amtsgericht Hamburg: HRB 167676<\/div><div>\u00a0<\/div><div>USt-IdNr.: DE341108543<br style=\"--brlbs-tw-scale-x: 1; --brlbs-tw-scale-y: 1; --brlbs-tw-scroll-snap-strictness: proximity; --brlbs-tw-ring-offset-width: 0px; --brlbs-tw-ring-offset-color: #fff; --brlbs-tw-ring-color: rgba(59,130,246,.5); --brlbs-tw-ring-offset-shadow: 0 0 #0000; --brlbs-tw-ring-shadow: 0 0 #0000; --brlbs-tw-shadow: 0 0 #0000; --brlbs-tw-shadow-colored: 0 0 #0000;\" \/><a href=\"http:\/\/www.antrobotics.de\">www.antrobotics.de<\/a><\/div>\t\t\t\t\t\t\t\t<\/div>\n\t\t\t\t<\/div>\n\t\t\t\t\t<\/div>\n\t\t<\/div>\n\t\t\t\t<div class=\"has_eae_slider elementor-column elementor-col-50 elementor-top-column elementor-element elementor-element-bda9e81\" data-eae-slider=\"90079\" data-id=\"bda9e81\" data-element_type=\"column\">\n\t\t\t<div class=\"elementor-widget-wrap elementor-element-populated\">\n\t\t\t\t\t\t<div class=\"elementor-element elementor-element-fa19d43 elementor-widget elementor-widget-heading\" data-id=\"fa19d43\" data-element_type=\"widget\" data-widget_type=\"heading.default\">\n\t\t\t\t<div class=\"elementor-widget-container\">\n\t\t\t\t\t<h2 class=\"elementor-heading-title elementor-size-default\"><h2>Verantwortlich f\u00fcr den Inhalt \u00a7 55 Abs. 2 RSTV:<\/h2><\/h2>\t\t\t\t<\/div>\n\t\t\t\t<\/div>\n\t\t\t\t<div class=\"elementor-element elementor-element-a000874 elementor-widget elementor-widget-text-editor\" data-id=\"a000874\" data-element_type=\"widget\" data-widget_type=\"text-editor.default\">\n\t\t\t\t<div class=\"elementor-widget-container\">\n\t\t\t\t\t\t\t\t\t<p>Ant Robotics GmbH<br \/>Sandro Rabbiosi<br \/><br \/>E-Mail: <a href=\"mailto:info@antrobotics.de\">info@antrobotics.de<\/a><\/p>\t\t\t\t\t\t\t\t<\/div>\n\t\t\t\t<\/div>\n\t\t\t\t\t<\/div>\n\t\t<\/div>\n\t\t\t\t\t<\/div>\n\t\t<\/section>\n\t\t\t\t<section class=\"has_eae_slider elementor-section elementor-top-section elementor-element elementor-element-5feae4f elementor-section-boxed elementor-section-height-default elementor-section-height-default\" data-eae-slider=\"92817\" data-id=\"5feae4f\" data-element_type=\"section\">\n\t\t\t\t\t\t<div class=\"elementor-container elementor-column-gap-default\">\n\t\t\t\t\t<div class=\"has_eae_slider elementor-column elementor-col-100 elementor-top-column elementor-element elementor-element-3523ece\" data-eae-slider=\"82041\" data-id=\"3523ece\" data-element_type=\"column\">\n\t\t\t<div class=\"elementor-widget-wrap elementor-element-populated\">\n\t\t\t\t\t\t<div class=\"elementor-element elementor-element-75c8c1b elementor-widget elementor-widget-heading\" data-id=\"75c8c1b\" data-element_type=\"widget\" data-widget_type=\"heading.default\">\n\t\t\t\t<div class=\"elementor-widget-container\">\n\t\t\t\t\t<h3 class=\"elementor-heading-title elementor-size-default\"><strong>Haftung f\u00fcr Inhalte<\/strong><\/h3>\t\t\t\t<\/div>\n\t\t\t\t<\/div>\n\t\t\t\t<div class=\"elementor-element elementor-element-d3c3279 elementor-widget elementor-widget-text-editor\" data-id=\"d3c3279\" data-element_type=\"widget\" data-widget_type=\"text-editor.default\">\n\t\t\t\t<div class=\"elementor-widget-container\">\n\t\t\t\t\t\t\t\t\t<p>Alle Inhalte unseres Internetangebots wurden mit gr\u00f6\u00dfter Sorgfalt erstellt und gepr\u00fcft. Wir \u00fcbernehmen jedoch keine Gew\u00e4hr daf\u00fcr, dass die Inhalte unserer eigenen Webseite jederzeit korrekt, vollst\u00e4ndig und auf dem neuesten Stand sind. Gem\u00e4\u00df \u00a7 7 Abs. 1 TMG sind wir als Dienstanbieter f\u00fcr eigene Inhalte unseres Internetangebots nach den allgemeinen Gesetzen verantwortlich. Eine Verpflichtung zur \u00dcberwachung fremder \u00fcbermittelter oder gespeicherter Informationen besteht gem\u00e4\u00df \u00a7\u00a7 8-10 TMG nicht. Davon unber\u00fchrt bleiben Verpflichtungen zur Entfernung oder Sperrung der Nutzung von Informationen, die sich aus den allgemeinen Gesetzen ergeben. Inhalte der vorgenannten Art werden wir jedoch umgehend entfernen, wenn uns Rechtsverletzungen bekannt werden. Erst ab dem Zeitpunkt der Kenntniserlangung einer konkreten Rechtsverletzung kann eine Haftung \u00fcbernommen werden.<\/p>\t\t\t\t\t\t\t\t<\/div>\n\t\t\t\t<\/div>\n\t\t\t\t<div class=\"elementor-element elementor-element-d694104 elementor-widget elementor-widget-heading\" data-id=\"d694104\" data-element_type=\"widget\" data-widget_type=\"heading.default\">\n\t\t\t\t<div class=\"elementor-widget-container\">\n\t\t\t\t\t<h3 class=\"elementor-heading-title elementor-size-default\"><strong>Haftung f\u00fcr Links<\/strong><\/h3>\t\t\t\t<\/div>\n\t\t\t\t<\/div>\n\t\t\t\t<div class=\"elementor-element elementor-element-f4a0a07 elementor-widget elementor-widget-text-editor\" data-id=\"f4a0a07\" data-element_type=\"widget\" data-widget_type=\"text-editor.default\">\n\t\t\t\t<div class=\"elementor-widget-container\">\n\t\t\t\t\t\t\t\t\t<p>Unsere Seiten enthalten Verlinkungen auf externe Webseiten Dritter. Auf die Inhalte der verlinkten Webseiten haben wir keinen Einfluss. Demgem\u00e4\u00df kann f\u00fcr diese fremden Inhalte keinerlei Gew\u00e4hr \u00fcbernommen werden. F\u00fcr die Inhalte der verlinkten Webseiten ist stets der jeweilige Anbieter oder Seitenbetreiber verantwortlich. Die verlinkten Webseiten wurden zum Zeitpunkt der Verlinkung auf m\u00f6gliche Rechtsverst\u00f6\u00dfe gepr\u00fcft. Rechtsverletzungen waren zu diesem Zeitpunkt jedoch nicht erkennbar. Eine dauerhafte \u00dcberpr\u00fcfung aller Inhalte der verlinkten Webseite ist ohne konkrete Anhaltspunkte f\u00fcr eine Rechtsverletzung nicht umzusetzen. Gleichwohl werden wir Verlinkungen sofort entfernen, wenn uns Rechtsverletzungen bekannt werden solltenU.<\/p>\t\t\t\t\t\t\t\t<\/div>\n\t\t\t\t<\/div>\n\t\t\t\t<div class=\"elementor-element elementor-element-0418d7d elementor-widget elementor-widget-heading\" data-id=\"0418d7d\" data-element_type=\"widget\" data-widget_type=\"heading.default\">\n\t\t\t\t<div class=\"elementor-widget-container\">\n\t\t\t\t\t<h3 class=\"elementor-heading-title elementor-size-default\">Urheberrecht <\/h3>\t\t\t\t<\/div>\n\t\t\t\t<\/div>\n\t\t\t\t<div class=\"elementor-element elementor-element-587a2f4 elementor-widget elementor-widget-text-editor\" data-id=\"587a2f4\" data-element_type=\"widget\" data-widget_type=\"text-editor.default\">\n\t\t\t\t<div class=\"elementor-widget-container\">\n\t\t\t\t\t\t\t\t\t<p>Die auf unserer Webseite ver\u00f6ffentlichten Informationen (Texte \u2013 und Bildmaterial, Grafiken, u.\u00e4.m.) sowie deren Struktur unterliegen \u2013 soweit nicht auf das Urheberrecht Dritter (insb. bei Bildmaterial), in unserer Datenschutzerkl\u00e4rung, durch eine anderweitige Urhebernennung hingewiesen wird \u2013 dem Urheberrecht, Ant Robotics GmbH. Au\u00dferdem unterliegen Produktbezeichnungen, Abbildungen, Logos und Herstellernamen teilweise auch dem Urheberrecht Dritter. Jede Verwendung au\u00dferhalb der engen Grenzen des Urheberrechtsgesetzes ist ohne Zustimmung unzul\u00e4ssig und strafbar. Der Nutzung von im Rahmen der Impressumspflicht ver\u00f6ffentlichten Kontaktdaten zur \u00dcbersendung von nicht ausdr\u00fccklich angeforderter Werbung und Informationsmaterialien wird hiermit widersprochen. Die Betreiber der Seiten behalten sich ausdr\u00fccklich rechtliche Schritte im Falle der unverlangten Zusendung von Werbeinformationen, etwa durch Spam-E-Mails, vor.<\/p>\t\t\t\t\t\t\t\t<\/div>\n\t\t\t\t<\/div>\n\t\t\t\t<div class=\"elementor-element elementor-element-45640d3 elementor-widget elementor-widget-heading\" data-id=\"45640d3\" data-element_type=\"widget\" data-widget_type=\"heading.default\">\n\t\t\t\t<div class=\"elementor-widget-container\">\n\t\t\t\t\t<h3 class=\"elementor-heading-title elementor-size-default\">Informationen zur Online-Streitbeteiligung\n<\/h3>\t\t\t\t<\/div>\n\t\t\t\t<\/div>\n\t\t\t\t<div class=\"elementor-element elementor-element-f9b2bc1 elementor-widget elementor-widget-text-editor\" data-id=\"f9b2bc1\" data-element_type=\"widget\" data-widget_type=\"text-editor.default\">\n\t\t\t\t<div class=\"elementor-widget-container\">\n\t\t\t\t\t\t\t\t\t<p>Die EU-Kommission stellt im Internet unter folgendem Link eine Plattform zur Online-Streitbeilegung bereit: http:\/\/ec.europa.eu\/consumers\/odr Diese Plattform dient zur au\u00dfergerichtlichen Beilegung von Streitigkeiten, an denen ein Verbraucher beteiligt ist.<\/p>\t\t\t\t\t\t\t\t<\/div>\n\t\t\t\t<\/div>\n\t\t\t\t\t<\/div>\n\t\t<\/div>\n\t\t\t\t\t<\/div>\n\t\t<\/section>\n\t\t\t\t<\/div>\n\t\t","protected":false},"excerpt":{"rendered":"<p>Ant Robotics GmbH Adolf-Wagner-Stra\u00dfe 16, 21073, Hamburg E-Mail: info@antrobotics.deTel: +49 4174 6099 888\u00a0Gesch\u00e4ftsf\u00fchrer:\u00a0Sandro Rabbiosi, Philipp OverathAmtsgericht Hamburg: HRB 167676\u00a0USt-IdNr.: DE341108543www.antrobotics.de Verantwortlich f\u00fcr den Inhalt \u00a7 55 Abs. 2 RSTV: Ant Robotics GmbHSandro Rabbiosi E-Mail: info@antrobotics.de Haftung f\u00fcr Inhalte Alle Inhalte unseres Internetangebots wurden mit gr\u00f6\u00dfter Sorgfalt erstellt und gepr\u00fcft. Wir \u00fcbernehmen jedoch keine Gew\u00e4hr daf\u00fcr, [&hellip;]<\/p>\n","protected":false},"author":1,"featured_media":0,"parent":4579,"menu_order":0,"comment_status":"closed","ping_status":"closed","template":"","meta":{"_monsterinsights_skip_tracking":false,"_monsterinsights_sitenote_active":false,"_monsterinsights_sitenote_note":"","_monsterinsights_sitenote_category":0,"site-sidebar-layout":"default","site-content-layout":"","ast-site-content-layout":"default","site-content-style":"default","site-sidebar-style":"default","ast-global-header-display":"","ast-banner-title-visibility":"","ast-main-header-display":"","ast-hfb-above-header-display":"","ast-hfb-below-header-display":"","ast-hfb-mobile-header-display":"","site-post-title":"","ast-breadcrumbs-content":"","ast-featured-img":"","footer-sml-layout":"","theme-transparent-header-meta":"","adv-header-id-meta":"","stick-header-meta":"","header-above-stick-meta":"","header-main-stick-meta":"","header-below-stick-meta":"","astra-migrate-meta-layouts":"default","ast-page-background-enabled":"default","ast-page-background-meta":{"desktop":{"background-color":"var(--ast-global-color-4)","background-image":"","background-repeat":"repeat","background-position":"center center","background-size":"auto","background-attachment":"scroll","background-type":"","background-media":"","overlay-type":"","overlay-color":"","overlay-opacity":"","overlay-gradient":""},"tablet":{"background-color":"","background-image":"","background-repeat":"repeat","background-position":"center center","background-size":"auto","background-attachment":"scroll","background-type":"","background-media":"","overlay-type":"","overlay-color":"","overlay-opacity":"","overlay-gradient":""},"mobile":{"background-color":"","background-image":"","background-repeat":"repeat","background-position":"center center","background-size":"auto","background-attachment":"scroll","background-type":"","background-media":"","overlay-type":"","overlay-color":"","overlay-opacity":"","overlay-gradient":""}},"ast-content-background-meta":{"desktop":{"background-color":"var(--ast-global-color-5)","background-image":"","background-repeat":"repeat","background-position":"center center","background-size":"auto","background-attachment":"scroll","background-type":"","background-media":"","overlay-type":"","overlay-color":"","overlay-opacity":"","overlay-gradient":""},"tablet":{"background-color":"var(--ast-global-color-5)","background-image":"","background-repeat":"repeat","background-position":"center center","background-size":"auto","background-attachment":"scroll","background-type":"","background-media":"","overlay-type":"","overlay-color":"","overlay-opacity":"","overlay-gradient":""},"mobile":{"background-color":"var(--ast-global-color-5)","background-image":"","background-repeat":"repeat","background-position":"center center","background-size":"auto","background-attachment":"scroll","background-type":"","background-media":"","overlay-type":"","overlay-color":"","overlay-opacity":"","overlay-gradient":""}},"footnotes":""},"class_list":["post-2648","page","type-page","status-publish","hentry"],"yoast_head":"<!-- This site is optimized with the Yoast SEO plugin v25.8 - https:\/\/yoast.com\/wordpress\/plugins\/seo\/ -->\n<title>Impressum -<\/title>\n<meta name=\"robots\" content=\"index, follow, max-snippet:-1, max-image-preview:large, max-video-preview:-1\" \/>\n<link rel=\"canonical\" href=\"https:\/\/www.antrobotics.de\/?page_id=2648\" \/>\n<meta property=\"og:locale\" content=\"de_DE\" \/>\n<meta property=\"og:type\" content=\"article\" \/>\n<meta property=\"og:title\" content=\"Impressum -\" \/>\n<meta property=\"og:description\" content=\"Ant Robotics GmbH Adolf-Wagner-Stra\u00dfe 16, 21073, Hamburg E-Mail: info@antrobotics.deTel: +49 4174 6099 888\u00a0Gesch\u00e4ftsf\u00fchrer:\u00a0Sandro Rabbiosi, Philipp OverathAmtsgericht Hamburg: HRB 167676\u00a0USt-IdNr.: DE341108543www.antrobotics.de Verantwortlich f\u00fcr den Inhalt \u00a7 55 Abs. 2 RSTV: Ant Robotics GmbHSandro Rabbiosi E-Mail: info@antrobotics.de Haftung f\u00fcr Inhalte Alle Inhalte unseres Internetangebots wurden mit gr\u00f6\u00dfter Sorgfalt erstellt und gepr\u00fcft. Wir \u00fcbernehmen jedoch keine Gew\u00e4hr daf\u00fcr, [&hellip;]\" \/>\n<meta property=\"og:url\" content=\"https:\/\/www.antrobotics.de\/?page_id=2648\" \/>\n<meta property=\"article:modified_time\" content=\"2025-08-27T12:54:52+00:00\" \/>\n<meta name=\"twitter:card\" content=\"summary_large_image\" \/>\n<meta name=\"twitter:label1\" content=\"Gesch\u00e4tzte Lesezeit\" \/>\n\t<meta name=\"twitter:data1\" content=\"3\u00a0Minuten\" \/>\n<script type=\"application\/ld+json\" class=\"yoast-schema-graph\">{\"@context\":\"https:\/\/schema.org\",\"@graph\":[{\"@type\":\"WebPage\",\"@id\":\"https:\/\/www.antrobotics.de\/?page_id=2648\",\"url\":\"https:\/\/www.antrobotics.de\/?page_id=2648\",\"name\":\"Impressum -\",\"isPartOf\":{\"@id\":\"https:\/\/www.antrobotics.de\/#website\"},\"datePublished\":\"2022-09-13T03:49:52+00:00\",\"dateModified\":\"2025-08-27T12:54:52+00:00\",\"breadcrumb\":{\"@id\":\"https:\/\/www.antrobotics.de\/?page_id=2648#breadcrumb\"},\"inLanguage\":\"de\",\"potentialAction\":[{\"@type\":\"ReadAction\",\"target\":[\"https:\/\/www.antrobotics.de\/?page_id=2648\"]}]},{\"@type\":\"BreadcrumbList\",\"@id\":\"https:\/\/www.antrobotics.de\/?page_id=2648#breadcrumb\",\"itemListElement\":[{\"@type\":\"ListItem\",\"position\":1,\"name\":\"Home\",\"item\":\"https:\/\/www.antrobotics.de\/\"},{\"@type\":\"ListItem\",\"position\":2,\"name\":\"STARTSEITE\",\"item\":\"https:\/\/www.antrobotics.de\/\"},{\"@type\":\"ListItem\",\"position\":3,\"name\":\"Impressum\"}]},{\"@type\":\"WebSite\",\"@id\":\"https:\/\/www.antrobotics.de\/#website\",\"url\":\"https:\/\/www.antrobotics.de\/\",\"name\":\"\",\"description\":\"https:\/\/www.antrobotics.de\/\",\"potentialAction\":[{\"@type\":\"SearchAction\",\"target\":{\"@type\":\"EntryPoint\",\"urlTemplate\":\"https:\/\/www.antrobotics.de\/?s={search_term_string}\"},\"query-input\":{\"@type\":\"PropertyValueSpecification\",\"valueRequired\":true,\"valueName\":\"search_term_string\"}}],\"inLanguage\":\"de\"}]}<\/script>\n<!-- \/ Yoast SEO plugin. -->","yoast_head_json":{"title":"Impressum -","robots":{"index":"index","follow":"follow","max-snippet":"max-snippet:-1","max-image-preview":"max-image-preview:large","max-video-preview":"max-video-preview:-1"},"canonical":"https:\/\/www.antrobotics.de\/?page_id=2648","og_locale":"de_DE","og_type":"article","og_title":"Impressum -","og_description":"Ant Robotics GmbH Adolf-Wagner-Stra\u00dfe 16, 21073, Hamburg E-Mail: info@antrobotics.deTel: +49 4174 6099 888\u00a0Gesch\u00e4ftsf\u00fchrer:\u00a0Sandro Rabbiosi, Philipp OverathAmtsgericht Hamburg: HRB 167676\u00a0USt-IdNr.: DE341108543www.antrobotics.de Verantwortlich f\u00fcr den Inhalt \u00a7 55 Abs. 2 RSTV: Ant Robotics GmbHSandro Rabbiosi E-Mail: info@antrobotics.de Haftung f\u00fcr Inhalte Alle Inhalte unseres Internetangebots wurden mit gr\u00f6\u00dfter Sorgfalt erstellt und gepr\u00fcft. Wir \u00fcbernehmen jedoch keine Gew\u00e4hr daf\u00fcr, [&hellip;]","og_url":"https:\/\/www.antrobotics.de\/?page_id=2648","article_modified_time":"2025-08-27T12:54:52+00:00","twitter_card":"summary_large_image","twitter_misc":{"Gesch\u00e4tzte Lesezeit":"3\u00a0Minuten"},"schema":{"@context":"https:\/\/schema.org","@graph":[{"@type":"WebPage","@id":"https:\/\/www.antrobotics.de\/?page_id=2648","url":"https:\/\/www.antrobotics.de\/?page_id=2648","name":"Impressum -","isPartOf":{"@id":"https:\/\/www.antrobotics.de\/#website"},"datePublished":"2022-09-13T03:49:52+00:00","dateModified":"2025-08-27T12:54:52+00:00","breadcrumb":{"@id":"https:\/\/www.antrobotics.de\/?page_id=2648#breadcrumb"},"inLanguage":"de","potentialAction":[{"@type":"ReadAction","target":["https:\/\/www.antrobotics.de\/?page_id=2648"]}]},{"@type":"BreadcrumbList","@id":"https:\/\/www.antrobotics.de\/?page_id=2648#breadcrumb","itemListElement":[{"@type":"ListItem","position":1,"name":"Home","item":"https:\/\/www.antrobotics.de\/"},{"@type":"ListItem","position":2,"name":"STARTSEITE","item":"https:\/\/www.antrobotics.de\/"},{"@type":"ListItem","position":3,"name":"Impressum"}]},{"@type":"WebSite","@id":"https:\/\/www.antrobotics.de\/#website","url":"https:\/\/www.antrobotics.de\/","name":"","description":"https:\/\/www.antrobotics.de\/","potentialAction":[{"@type":"SearchAction","target":{"@type":"EntryPoint","urlTemplate":"https:\/\/www.antrobotics.de\/?s={search_term_string}"},"query-input":{"@type":"PropertyValueSpecification","valueRequired":true,"valueName":"search_term_string"}}],"inLanguage":"de"}]}},"jetpack_sharing_enabled":true,"_links":{"self":[{"href":"https:\/\/www.antrobotics.de\/index.php?rest_route=\/wp\/v2\/pages\/2648","targetHints":{"allow":["GET"]}}],"collection":[{"href":"https:\/\/www.antrobotics.de\/index.php?rest_route=\/wp\/v2\/pages"}],"about":[{"href":"https:\/\/www.antrobotics.de\/index.php?rest_route=\/wp\/v2\/types\/page"}],"author":[{"embeddable":true,"href":"https:\/\/www.antrobotics.de\/index.php?rest_route=\/wp\/v2\/users\/1"}],"replies":[{"embeddable":true,"href":"https:\/\/www.antrobotics.de\/index.php?rest_route=%2Fwp%2Fv2%2Fcomments&post=2648"}],"version-history":[{"count":30,"href":"https:\/\/www.antrobotics.de\/index.php?rest_route=\/wp\/v2\/pages\/2648\/revisions"}],"predecessor-version":[{"id":4637,"href":"https:\/\/www.antrobotics.de\/index.php?rest_route=\/wp\/v2\/pages\/2648\/revisions\/4637"}],"up":[{"embeddable":true,"href":"https:\/\/www.antrobotics.de\/index.php?rest_route=\/wp\/v2\/pages\/4579"}],"wp:attachment":[{"href":"https:\/\/www.antrobotics.de\/index.php?rest_route=%2Fwp%2Fv2%2Fmedia&parent=2648"}],"curies":[{"name":"wp","href":"https:\/\/api.w.org\/{rel}","templated":true}]}}